{"id":37128,"date":"2024-06-17T13:37:02","date_gmt":"2024-06-17T11:37:02","guid":{"rendered":"https:\/\/www.laspalmeras.com\/green-camping\/"},"modified":"2024-06-19T10:08:05","modified_gmt":"2024-06-19T08:08:05","slug":"green-camping","status":"publish","type":"page","link":"https:\/\/www.laspalmeras.com\/it\/green-camping\/","title":{"rendered":"Green Camping"},"content":{"rendered":"\n<div class=\"wp-block-group alignfull header-group is-style-wave-bottom-white has-blank-green-4-background-color has-background is-layout-constrained wp-block-group-is-layout-constrained\" style=\"margin-bottom:10vh;padding-bottom:2vw\"><h1 class=\"has-text-align-center has-link-color wp-elements-ca9c5e81bc9c9d2686d1fcb502804d4c wp-block-post-title has-text-color has-blank-white-color\">Green Camping<\/h1>\n\n\n<p class=\"has-text-align-center has-blank-white-color has-text-color has-text-18-font-size\" style=\"margin-bottom:8vh\">Al Camping Las Palmeras abbracciamo la filosofia del &#8216;Green Camping&#8217;, dove ogni passo che facciamo \u00e8 in armonia con la natura che ci circonda. Il nostro impegno per la sostenibilit\u00e0 si riflette in ogni angolo delle nostre strutture e in tutte le attivit\u00e0 che svolgiamo.<\/p>\n<\/div>\n\n<div class=\"wp-block-group banner-big has-blank-white-color has-blank-green-4-background-color has-text-color has-background is-layout-flow wp-block-group-is-layout-flow\" style=\"padding-top:0px;padding-right:0px;padding-bottom:0px;padding-left:0px\">\n<div class=\"wp-block-cover is-light has-custom-content-position is-position-top-left\" style=\"min-height:274px;aspect-ratio:unset;\"><span aria-hidden=\"true\" class=\"wp-block-cover__background has-background-dim wp-block-cover__gradient-background has-background-gradient has-black-transparent-gradient-background\" style=\"background-color:#a4b0bc\"><\/span><img loading=\"lazy\" decoding=\"async\" width=\"1920\" height=\"1280\" class=\"wp-block-cover__image-background wp-image-21224\" alt=\"\" src=\"https:\/\/www.laspalmeras.com\/wp-content\/uploads\/platja-llarga-camping-las-palmeras.jpg\" data-object-fit=\"cover\" srcset=\"https:\/\/www.laspalmeras.com\/wp-content\/uploads\/platja-llarga-camping-las-palmeras.jpg 1920w, https:\/\/www.laspalmeras.com\/wp-content\/uploads\/platja-llarga-camping-las-palmeras-1024x683.jpg 1024w, https:\/\/www.laspalmeras.com\/wp-content\/uploads\/platja-llarga-camping-las-palmeras-768x512.jpg 768w, https:\/\/www.laspalmeras.com\/wp-content\/uploads\/platja-llarga-camping-las-palmeras-1536x1024.jpg 1536w\" sizes=\"auto, (max-width: 1920px) 100vw, 1920px\" \/><div class=\"wp-block-cover__inner-container is-layout-flow wp-block-cover-is-layout-flow\">\n<h3 class=\"wp-block-heading has-blank-white-color has-text-color has-link-color wp-elements-080f6350a0e1596892e54447a4ddfdcb\"><strong><strong><strong>Sostenibilit\u00e0<\/strong><\/strong><\/strong><\/h3>\n<\/div><\/div>\n\n\n\n<div class=\"wp-block-columns are-vertically-aligned-center is-layout-flex wp-container-core-columns-is-layout-28f84493 wp-block-columns-is-layout-flex\">\n<div class=\"wp-block-column is-vertically-aligned-center is-layout-flow wp-block-column-is-layout-flow\" style=\"flex-basis:60%\">\n<p class=\"has-text-18-font-size\">La situazione naturale e paesaggistica privilegiata del Camping Las Palmeras ci motiva ad agire in modo sostenibile e responsabile, offrendoci allo stesso tempo la possibilit\u00e0 di svolgere un&#8217;attivit\u00e0 turistica integrata nell&#8217;ambiente.<\/p>\n<\/div>\n\n\n\n<div class=\"wp-block-column is-vertically-aligned-center is-layout-flow wp-block-column-is-layout-flow\" style=\"flex-basis:40%\">\n<div class=\"wp-block-buttons is-content-justification-right is-layout-flex wp-container-core-buttons-is-layout-d445cf74 wp-block-buttons-is-layout-flex\">\n<div class=\"wp-block-button has-custom-width wp-block-button__width-75 has-custom-font-size is-style-fill has-text-font-size\"><a class=\"wp-block-button__link has-blank-green-4-color has-blank-white-background-color has-text-color has-background wp-element-button\" href=\"https:\/\/www.laspalmeras.com\/it\/green-camping\/ci-piace-il-verde\/\"><strong><strong>+ info<\/strong><\/strong><\/a><\/div>\n<\/div>\n<\/div>\n<\/div>\n<\/div>\n\n<div class=\"wp-block-group banner-big has-blank-white-color has-blank-green-4-background-color has-text-color has-background is-layout-flow wp-block-group-is-layout-flow\" style=\"margin-bottom:10vh;padding-top:0px;padding-right:0px;padding-bottom:0px;padding-left:0px\">\n<div class=\"wp-block-cover has-custom-content-position is-position-top-left\" style=\"min-height:274px;aspect-ratio:unset;\"><span aria-hidden=\"true\" class=\"wp-block-cover__background has-background-dim wp-block-cover__gradient-background has-background-gradient has-black-transparent-gradient-background\" style=\"background-color:#af997b\"><\/span><img loading=\"lazy\" decoding=\"async\" width=\"1920\" height=\"1280\" class=\"wp-block-cover__image-background wp-image-36681\" alt=\"\" src=\"https:\/\/www.laspalmeras.com\/wp-content\/uploads\/bosque-06.webp\" data-object-fit=\"cover\" srcset=\"https:\/\/www.laspalmeras.com\/wp-content\/uploads\/bosque-06.webp 1920w, https:\/\/www.laspalmeras.com\/wp-content\/uploads\/bosque-06-1024x683.webp 1024w, https:\/\/www.laspalmeras.com\/wp-content\/uploads\/bosque-06-768x512.webp 768w, https:\/\/www.laspalmeras.com\/wp-content\/uploads\/bosque-06-1536x1024.webp 1536w\" sizes=\"auto, (max-width: 1920px) 100vw, 1920px\" \/><div class=\"wp-block-cover__inner-container is-layout-flow wp-block-cover-is-layout-flow\">\n<h3 class=\"wp-block-heading has-blank-white-color has-text-color has-link-color wp-elements-ea3184896d8a2fd137a7c9694fedd742\"><strong><strong><strong><strong>Fondazione Bosco della Marchesa<\/strong><\/strong><\/strong><\/strong><\/h3>\n<\/div><\/div>\n\n\n\n<div class=\"wp-block-columns are-vertically-aligned-center is-layout-flex wp-container-core-columns-is-layout-28f84493 wp-block-columns-is-layout-flex\">\n<div class=\"wp-block-column is-vertically-aligned-center is-layout-flow wp-block-column-is-layout-flow\" style=\"flex-basis:60%\">\n<p class=\"has-text-18-font-size\">Proteggiamo, conserviamo e sviluppiamo in modo sostenibile il Bosc. La Fondazione Bosc de la Marquesa, fondata nell&#8217;aprile 2022, \u00e8 un&#8217;organizzazione senza scopo di lucro impegnata nella tutela e nella sostenibilit\u00e0 dell&#8217;ambiente, naturalmente legato al litorale e alla foresta mediterranea di Tarragona.<\/p>\n<\/div>\n\n\n\n<div class=\"wp-block-column is-vertically-aligned-center is-layout-flow wp-block-column-is-layout-flow\" style=\"flex-basis:40%\">\n<div class=\"wp-block-buttons is-content-justification-right is-layout-flex wp-container-core-buttons-is-layout-d445cf74 wp-block-buttons-is-layout-flex\">\n<div class=\"wp-block-button has-custom-width wp-block-button__width-75 has-custom-font-size is-style-fill has-text-font-size\"><a class=\"wp-block-button__link has-blank-green-4-color has-blank-white-background-color has-text-color has-background wp-element-button\" href=\"https:\/\/www.laspalmeras.com\/it\/green-camping\/fondazione-bosco-della-marchesa\/\"><strong><strong>+ info<\/strong><\/strong><\/a><\/div>\n<\/div>\n<\/div>\n<\/div>\n<\/div>\n\n<div class=\"wp-block-group alignfull is-style-no-margin reviews-group has-blank-beige-background-color has-background is-layout-constrained wp-container-core-group-is-layout-41693b0f wp-block-group-is-layout-constrained\" style=\"padding-top:6vw;padding-right:0vw;padding-bottom:6vw;padding-left:0vw\">\n<figure class=\"wp-block-image aligncenter size-large\"><img loading=\"lazy\" decoding=\"async\" width=\"143\" height=\"37\" src=\"https:\/\/www.laspalmeras.com\/wp-content\/uploads\/stars-title.svg\" alt=\"\" class=\"wp-image-19033\"\/><\/figure>\n\n\n\n<h4 class=\"alignwide has-text-align-center animation--init has-h-1-font-size wp-block-heading\" style=\"margin-bottom:4vw\">Le vostre opinioni ci permettono di migliorare ogni anno la vostra esperienza.<\/h4>\n\n\n\n<div id=\"block-reviews-block_8201f78c598841431e2562527f20a6ca\" class=\"block-reviews alignfull review-columns column-1\" style=\"\">\n    <div class=\"reviews-wrapper splide\">\n        <div class=\"splide__track\">\n            <div class=\"splide__list\">\n\n    \n<div class=\"item-review splide__slide\">\n    <div class=\"content-review\">\n<figure class=\"wp-block-image size-large review-stars\"><img loading=\"lazy\" decoding=\"async\" width=\"107\" height=\"19\" src=\"https:\/\/www.laspalmeras.com\/wp-content\/uploads\/4-stars.svg\" alt=\"\" class=\"wp-image-21526\"\/><\/figure>\n\n\n\n<p>Un camping molto bello su una spiaggia davvero carina. Bagni belli e puliti.<\/p>\n\n\n\n<p class=\"review-link has-link-color has-text-14-font-size has-blank-black-color has-text-color\">TripAdvisor Review<\/p>\n<\/div>\n<\/div>\n\n<div class=\"item-review splide__slide\">\n    <div class=\"content-review\">\n<figure class=\"wp-block-image review-stars\"><img loading=\"lazy\" decoding=\"async\" width=\"107\" height=\"19\" src=\"https:\/\/www.laspalmeras.com\/wp-content\/uploads\/5-stars.svg\" alt=\"\" class=\"wp-image-18988\"\/><\/figure>\n\n\n\n<p>Abbiamo passato una splendida vacanza a Las Palmeras. Devi per\u00f2 fare il callo ai binari della stazione. Splendida la spiaggia e tarragona e Barcelona sono raggiungibili coi mezzi pubblici. Il top!<\/p>\n\n\n\n<p class=\"review-link has-link-color has-text-14-font-size has-blank-black-color has-text-color\">TripAdvisor Review<\/p>\n<\/div>\n<\/div>\n\n<div class=\"item-review splide__slide\">\n    <div class=\"content-review\">\n<figure class=\"wp-block-image size-large review-stars\"><img loading=\"lazy\" decoding=\"async\" width=\"107\" height=\"19\" src=\"https:\/\/www.laspalmeras.com\/wp-content\/uploads\/4-stars.svg\" alt=\"\" class=\"wp-image-21526\"\/><\/figure>\n\n\n\n<p>La spiaggia \u00e8 fantastica, e ci restavamo tutto il giorno a goderci il sole, le onde, il mare limpido.<\/p>\n\n\n\n<p class=\"review-link has-link-color has-text-14-font-size has-blank-black-color has-text-color\">Tripadvisor Review<\/p>\n\n\n\n<p><\/p>\n<\/div>\n<\/div>\n\n<div class=\"item-review splide__slide\">\n    <div class=\"content-review\">\n<figure class=\"wp-block-image size-large review-stars\"><img loading=\"lazy\" decoding=\"async\" width=\"107\" height=\"19\" src=\"https:\/\/www.laspalmeras.com\/wp-content\/uploads\/4-stars.svg\" alt=\"\" class=\"wp-image-21526\"\/><\/figure>\n\n\n\n<p>Molto grande, ma molto organizzato e immerso nella natura. I servizi comuni sono pulitissimi, il parco controllato con cura, i giochi ben condotti dagli animatori.<\/p>\n\n\n\n<p class=\"review-link has-link-color has-text-14-font-size has-blank-black-color has-text-color\">TripAdvisor Review<\/p>\n<\/div>\n<\/div>\n\n<div class=\"item-review splide__slide\">\n    <div class=\"content-review\">\n<figure class=\"wp-block-image size-large review-stars\"><img loading=\"lazy\" decoding=\"async\" width=\"107\" height=\"19\" src=\"https:\/\/www.laspalmeras.com\/wp-content\/uploads\/4-stars.svg\" alt=\"\" class=\"wp-image-21526\"\/><\/figure>\n\n\n\n<p>Siamo tornati anche quest&#8217;anno (per la terza volta) in questo immenso campeggio ben attrezzato e ordinato, con tante palme.Piazzole per camper molto grandi e pulite.<\/p>\n\n\n\n<p class=\"review-link has-link-color has-text-14-font-size has-blank-black-color has-text-color\">TripAdvisor Review<\/p>\n<\/div>\n<\/div>\n\n<div class=\"item-review splide__slide\">\n    <div class=\"content-review\">\n<figure class=\"wp-block-image size-large review-stars\"><img loading=\"lazy\" decoding=\"async\" width=\"107\" height=\"19\" src=\"https:\/\/www.laspalmeras.com\/wp-content\/uploads\/4-stars.svg\" alt=\"\" class=\"wp-image-21526\"\/><\/figure>\n\n\n\n<p>Il campeggi rimane bello e ben tenuto con il team che ci lavora molto qualificato.<\/p>\n\n\n\n<p class=\"review-link has-link-color has-text-14-font-size has-blank-black-color has-text-color\">TripAdvisor Review<\/p>\n<\/div>\n<\/div>\n\n<div class=\"item-review splide__slide\">\n    <div class=\"content-review\">\n<figure class=\"wp-block-image review-stars\"><img loading=\"lazy\" decoding=\"async\" width=\"107\" height=\"19\" src=\"https:\/\/www.laspalmeras.com\/wp-content\/uploads\/5-stars.svg\" alt=\"\" class=\"wp-image-18988\"\/><\/figure>\n\n\n\n<p>Il campeggio \u00e8 ben tenuto e curato. Le piazzole sono molto grandi e attrezzate. All&#8217;interno si trova ogni tipo di comodit\u00e0: palestra, piscina, corsi da zumba ed acquagym, campi da calcio\/tennis, supermarket, zona barbecue e bancomat. L&#8217;accesso alla spiaggia \u00e8 direttamente dal campeggio.<\/p>\n\n\n\n<p class=\"review-link has-link-color has-text-14-font-size has-blank-black-color has-text-color\">TripAdvisor Review<\/p>\n<\/div>\n<\/div>\n\n<div class=\"item-review splide__slide\">\n    <div class=\"content-review\">\n<figure class=\"wp-block-image review-stars\"><img loading=\"lazy\" decoding=\"async\" width=\"107\" height=\"19\" src=\"https:\/\/www.laspalmeras.com\/wp-content\/uploads\/5-stars.svg\" alt=\"\" class=\"wp-image-18988\"\/><\/figure>\n\n\n\n<p>Vado in questo campeggio da 24 anni, tutte le estati. Il personale \u00e8 qualificato ed accogliente. Animazione per adulti e bambini con mini spettacolo e balli di gruppi, bar ristorante e super market con pane briosches e pizze sempre fresche tutte le mattine.<\/p>\n\n\n\n<p class=\"review-link has-link-color has-text-14-font-size has-blank-black-color has-text-color\">TripAdvisor Review<\/p>\n<\/div>\n<\/div>\n\n<div class=\"item-review splide__slide\">\n    <div class=\"content-review\">\n<figure class=\"wp-block-image review-stars\"><img loading=\"lazy\" decoding=\"async\" width=\"107\" height=\"19\" src=\"https:\/\/www.laspalmeras.com\/wp-content\/uploads\/5-stars.svg\" alt=\"\" class=\"wp-image-18988\"\/><\/figure>\n\n\n\n<p>Vigilanza intensa notturna, pulizia estrema dei bagni anche la notte con personale qualificato e gentile, acqua fredda e calda regolabili e fontane distribuite in tutto il campeggio.<\/p>\n\n\n\n<p class=\"review-link has-link-color has-text-14-font-size has-blank-black-color has-text-color\">TripAdvisor Review<\/p>\n<\/div>\n<\/div>\n\n<div class=\"item-review splide__slide\">\n    <div class=\"content-review\">\n<figure class=\"wp-block-image review-stars\"><img loading=\"lazy\" decoding=\"async\" width=\"107\" height=\"19\" src=\"https:\/\/www.laspalmeras.com\/wp-content\/uploads\/5-stars.svg\" alt=\"\" class=\"wp-image-18988\"\/><\/figure>\n\n\n\n<p>Camping curato e pulito, fronte mare. Spiaggia e mare belli e puliti.<\/p>\n\n\n\n<p class=\"review-link has-link-color has-text-14-font-size has-blank-black-color has-text-color\">TripAdvisor Review<\/p>\n<\/div>\n<\/div>\n            <\/div>\n        <\/div>\n    <\/div>\n\n<\/div>\n\n    <script>\n        const reviewsSlider = new Splide( '#block-reviews-block_8201f78c598841431e2562527f20a6ca .reviews-wrapper', \n                {\n                    type: 'loop',\n                    gap: '50px',\n                    pagination: false,\n                    arrows: false,\n                    focus    : 'center',\n                    autoWidth: true\n                } \n                ).mount();\n\n                if (!!window.IntersectionObserver) {\n                const sectionReviews = document.querySelector('.reviews-wrapper');\n                const revealSection = function (entries, observer) {\n\n                    entries.forEach(entry => {   \n                        if (!entry.isIntersecting) return;\n                        reviewsSlider.go('+${1}');\n                    })\n\n                }\n\n                const sectionObserver = new IntersectionObserver(revealSection,\n                    {\n                        root: null,\n                        threshold: 0.3\n                    });\n\n                sectionObserver.observe(sectionReviews);\n\n            }\n    <\/script>\n<\/div>\n","protected":false},"excerpt":{"rendered":"<p>Alloggi sul lungomare, sulla spiaggia di Playa Larga a Tarragona, adiacente al parco naturale della foresta di Marquesa.<\/p>\n","protected":false},"author":4,"featured_media":0,"parent":0,"menu_order":6,"comment_status":"closed","ping_status":"closed","template":"","meta":{"_acf_changed":false,"om_disable_all_campaigns":false,"inline_featured_image":false,"_monsterinsights_skip_tracking":false,"_monsterinsights_sitenote_active":false,"_monsterinsights_sitenote_note":"","_monsterinsights_sitenote_category":0,"_uf_show_specific_survey":0,"_uf_disable_surveys":false,"footnotes":""},"class_list":["post-37128","page","type-page","status-publish","hentry"],"acf":[],"aioseo_notices":[],"yoast_head":"<!-- This site is optimized with the Yoast SEO plugin v25.4 - https:\/\/yoast.com\/wordpress\/plugins\/seo\/ -->\n<title>Green Camping - Camping Las Palmeras<\/title>\n<meta name=\"description\" content=\"Alloggi sul lungomare, sulla spiaggia di Playa Larga a Tarragona, adiacente al parco naturale della foresta di Marquesa.\" \/>\n<meta name=\"robots\" content=\"index, follow, max-snippet:-1, max-image-preview:large, max-video-preview:-1\" \/>\n<link rel=\"canonical\" href=\"https:\/\/www.laspalmeras.com\/it\/green-camping\/\" \/>\n<meta property=\"og:locale\" content=\"it_IT\" \/>\n<meta property=\"og:type\" content=\"article\" \/>\n<meta property=\"og:title\" content=\"Green Camping - Camping Las Palmeras\" \/>\n<meta property=\"og:description\" content=\"Alloggi sul lungomare, sulla spiaggia di Playa Larga a Tarragona, adiacente al parco naturale della foresta di Marquesa.\" \/>\n<meta property=\"og:url\" content=\"https:\/\/www.laspalmeras.com\/it\/green-camping\/\" \/>\n<meta property=\"og:site_name\" content=\"Camping Las Palmeras\" \/>\n<meta property=\"article:publisher\" content=\"https:\/\/www.facebook.com\/CampingBungalowLasPalmeras\/\" \/>\n<meta property=\"article:modified_time\" content=\"2024-06-19T08:08:05+00:00\" \/>\n<meta property=\"og:image\" content=\"https:\/\/www.laspalmeras.com\/wp-content\/uploads\/platja-llarga-camping-las-palmeras.jpg\" \/>\n<meta name=\"twitter:card\" content=\"summary_large_image\" \/>\n<meta name=\"twitter:label1\" content=\"Tempo di lettura stimato\" \/>\n\t<meta name=\"twitter:data1\" content=\"1 minuto\" \/>\n<script type=\"application\/ld+json\" class=\"yoast-schema-graph\">{\"@context\":\"https:\/\/schema.org\",\"@graph\":[{\"@type\":\"WebPage\",\"@id\":\"https:\/\/www.laspalmeras.com\/it\/green-camping\/\",\"url\":\"https:\/\/www.laspalmeras.com\/it\/green-camping\/\",\"name\":\"Green Camping - Camping Las Palmeras\",\"isPartOf\":{\"@id\":\"https:\/\/www.laspalmeras.com\/it\/#website\"},\"primaryImageOfPage\":{\"@id\":\"https:\/\/www.laspalmeras.com\/it\/green-camping\/#primaryimage\"},\"image\":{\"@id\":\"https:\/\/www.laspalmeras.com\/it\/green-camping\/#primaryimage\"},\"thumbnailUrl\":\"https:\/\/www.laspalmeras.com\/wp-content\/uploads\/platja-llarga-camping-las-palmeras.jpg\",\"datePublished\":\"2024-06-17T11:37:02+00:00\",\"dateModified\":\"2024-06-19T08:08:05+00:00\",\"description\":\"Alloggi sul lungomare, sulla spiaggia di Playa Larga a Tarragona, adiacente al parco naturale della foresta di Marquesa.\",\"breadcrumb\":{\"@id\":\"https:\/\/www.laspalmeras.com\/it\/green-camping\/#breadcrumb\"},\"inLanguage\":\"it-IT\",\"potentialAction\":[{\"@type\":\"ReadAction\",\"target\":[\"https:\/\/www.laspalmeras.com\/it\/green-camping\/\"]}]},{\"@type\":\"ImageObject\",\"inLanguage\":\"it-IT\",\"@id\":\"https:\/\/www.laspalmeras.com\/it\/green-camping\/#primaryimage\",\"url\":\"https:\/\/www.laspalmeras.com\/wp-content\/uploads\/platja-llarga-camping-las-palmeras.jpg\",\"contentUrl\":\"https:\/\/www.laspalmeras.com\/wp-content\/uploads\/platja-llarga-camping-las-palmeras.jpg\"},{\"@type\":\"BreadcrumbList\",\"@id\":\"https:\/\/www.laspalmeras.com\/it\/green-camping\/#breadcrumb\",\"itemListElement\":[{\"@type\":\"ListItem\",\"position\":1,\"name\":\"Portada\",\"item\":\"https:\/\/www.laspalmeras.com\/it\/\"},{\"@type\":\"ListItem\",\"position\":2,\"name\":\"Green Camping\"}]},{\"@type\":\"WebSite\",\"@id\":\"https:\/\/www.laspalmeras.com\/it\/#website\",\"url\":\"https:\/\/www.laspalmeras.com\/it\/\",\"name\":\"Camping Las Palmeras\",\"description\":\"Un c\u00e0mping familiar a Tarragona en plena Costa Daurada.\",\"publisher\":{\"@id\":\"https:\/\/www.laspalmeras.com\/it\/#organization\"},\"potentialAction\":[{\"@type\":\"SearchAction\",\"target\":{\"@type\":\"EntryPoint\",\"urlTemplate\":\"https:\/\/www.laspalmeras.com\/it\/?s={search_term_string}\"},\"query-input\":{\"@type\":\"PropertyValueSpecification\",\"valueRequired\":true,\"valueName\":\"search_term_string\"}}],\"inLanguage\":\"it-IT\"},{\"@type\":\"Organization\",\"@id\":\"https:\/\/www.laspalmeras.com\/it\/#organization\",\"name\":\"Camping Las Palmeras\",\"alternateName\":\"Las Palmeras\",\"url\":\"https:\/\/www.laspalmeras.com\/it\/\",\"logo\":{\"@type\":\"ImageObject\",\"inLanguage\":\"it-IT\",\"@id\":\"https:\/\/www.laspalmeras.com\/it\/#\/schema\/logo\/image\/\",\"url\":\"https:\/\/www.laspalmeras.com\/wp-content\/uploads\/logo-palmeras.svg\",\"contentUrl\":\"https:\/\/www.laspalmeras.com\/wp-content\/uploads\/logo-palmeras.svg\",\"width\":200,\"height\":102,\"caption\":\"Camping Las Palmeras\"},\"image\":{\"@id\":\"https:\/\/www.laspalmeras.com\/it\/#\/schema\/logo\/image\/\"},\"sameAs\":[\"https:\/\/www.facebook.com\/CampingBungalowLasPalmeras\/\",\"https:\/\/www.instagram.com\/las_palmeras_cyb\/\"]}]}<\/script>\n<!-- \/ Yoast SEO plugin. -->","yoast_head_json":{"title":"Green Camping - Camping Las Palmeras","description":"Alloggi sul lungomare, sulla spiaggia di Playa Larga a Tarragona, adiacente al parco naturale della foresta di Marquesa.","robots":{"index":"index","follow":"follow","max-snippet":"max-snippet:-1","max-image-preview":"max-image-preview:large","max-video-preview":"max-video-preview:-1"},"canonical":"https:\/\/www.laspalmeras.com\/it\/green-camping\/","og_locale":"it_IT","og_type":"article","og_title":"Green Camping - Camping Las Palmeras","og_description":"Alloggi sul lungomare, sulla spiaggia di Playa Larga a Tarragona, adiacente al parco naturale della foresta di Marquesa.","og_url":"https:\/\/www.laspalmeras.com\/it\/green-camping\/","og_site_name":"Camping Las Palmeras","article_publisher":"https:\/\/www.facebook.com\/CampingBungalowLasPalmeras\/","article_modified_time":"2024-06-19T08:08:05+00:00","og_image":[{"url":"https:\/\/www.laspalmeras.com\/wp-content\/uploads\/platja-llarga-camping-las-palmeras.jpg","type":"","width":"","height":""}],"twitter_card":"summary_large_image","twitter_misc":{"Tempo di lettura stimato":"1 minuto"},"schema":{"@context":"https:\/\/schema.org","@graph":[{"@type":"WebPage","@id":"https:\/\/www.laspalmeras.com\/it\/green-camping\/","url":"https:\/\/www.laspalmeras.com\/it\/green-camping\/","name":"Green Camping - Camping Las Palmeras","isPartOf":{"@id":"https:\/\/www.laspalmeras.com\/it\/#website"},"primaryImageOfPage":{"@id":"https:\/\/www.laspalmeras.com\/it\/green-camping\/#primaryimage"},"image":{"@id":"https:\/\/www.laspalmeras.com\/it\/green-camping\/#primaryimage"},"thumbnailUrl":"https:\/\/www.laspalmeras.com\/wp-content\/uploads\/platja-llarga-camping-las-palmeras.jpg","datePublished":"2024-06-17T11:37:02+00:00","dateModified":"2024-06-19T08:08:05+00:00","description":"Alloggi sul lungomare, sulla spiaggia di Playa Larga a Tarragona, adiacente al parco naturale della foresta di Marquesa.","breadcrumb":{"@id":"https:\/\/www.laspalmeras.com\/it\/green-camping\/#breadcrumb"},"inLanguage":"it-IT","potentialAction":[{"@type":"ReadAction","target":["https:\/\/www.laspalmeras.com\/it\/green-camping\/"]}]},{"@type":"ImageObject","inLanguage":"it-IT","@id":"https:\/\/www.laspalmeras.com\/it\/green-camping\/#primaryimage","url":"https:\/\/www.laspalmeras.com\/wp-content\/uploads\/platja-llarga-camping-las-palmeras.jpg","contentUrl":"https:\/\/www.laspalmeras.com\/wp-content\/uploads\/platja-llarga-camping-las-palmeras.jpg"},{"@type":"BreadcrumbList","@id":"https:\/\/www.laspalmeras.com\/it\/green-camping\/#breadcrumb","itemListElement":[{"@type":"ListItem","position":1,"name":"Portada","item":"https:\/\/www.laspalmeras.com\/it\/"},{"@type":"ListItem","position":2,"name":"Green Camping"}]},{"@type":"WebSite","@id":"https:\/\/www.laspalmeras.com\/it\/#website","url":"https:\/\/www.laspalmeras.com\/it\/","name":"Camping Las Palmeras","description":"Un c\u00e0mping familiar a Tarragona en plena Costa Daurada.","publisher":{"@id":"https:\/\/www.laspalmeras.com\/it\/#organization"},"potentialAction":[{"@type":"SearchAction","target":{"@type":"EntryPoint","urlTemplate":"https:\/\/www.laspalmeras.com\/it\/?s={search_term_string}"},"query-input":{"@type":"PropertyValueSpecification","valueRequired":true,"valueName":"search_term_string"}}],"inLanguage":"it-IT"},{"@type":"Organization","@id":"https:\/\/www.laspalmeras.com\/it\/#organization","name":"Camping Las Palmeras","alternateName":"Las Palmeras","url":"https:\/\/www.laspalmeras.com\/it\/","logo":{"@type":"ImageObject","inLanguage":"it-IT","@id":"https:\/\/www.laspalmeras.com\/it\/#\/schema\/logo\/image\/","url":"https:\/\/www.laspalmeras.com\/wp-content\/uploads\/logo-palmeras.svg","contentUrl":"https:\/\/www.laspalmeras.com\/wp-content\/uploads\/logo-palmeras.svg","width":200,"height":102,"caption":"Camping Las Palmeras"},"image":{"@id":"https:\/\/www.laspalmeras.com\/it\/#\/schema\/logo\/image\/"},"sameAs":["https:\/\/www.facebook.com\/CampingBungalowLasPalmeras\/","https:\/\/www.instagram.com\/las_palmeras_cyb\/"]}]}},"_links":{"self":[{"href":"https:\/\/www.laspalmeras.com\/it\/wp-json\/wp\/v2\/pages\/37128","targetHints":{"allow":["GET"]}}],"collection":[{"href":"https:\/\/www.laspalmeras.com\/it\/wp-json\/wp\/v2\/pages"}],"about":[{"href":"https:\/\/www.laspalmeras.com\/it\/wp-json\/wp\/v2\/types\/page"}],"author":[{"embeddable":true,"href":"https:\/\/www.laspalmeras.com\/it\/wp-json\/wp\/v2\/users\/4"}],"replies":[{"embeddable":true,"href":"https:\/\/www.laspalmeras.com\/it\/wp-json\/wp\/v2\/comments?post=37128"}],"version-history":[{"count":5,"href":"https:\/\/www.laspalmeras.com\/it\/wp-json\/wp\/v2\/pages\/37128\/revisions"}],"predecessor-version":[{"id":37493,"href":"https:\/\/www.laspalmeras.com\/it\/wp-json\/wp\/v2\/pages\/37128\/revisions\/37493"}],"wp:attachment":[{"href":"https:\/\/www.laspalmeras.com\/it\/wp-json\/wp\/v2\/media?parent=37128"}],"curies":[{"name":"wp","href":"https:\/\/api.w.org\/{rel}","templated":true}]}}