{"id":23949,"date":"2022-05-26T11:04:37","date_gmt":"2022-05-26T09:04:37","guid":{"rendered":"https:\/\/2022.laspalmeras.com\/logement\/bungalows\/bungalow-park\/"},"modified":"2025-12-12T10:50:01","modified_gmt":"2025-12-12T09:50:01","slug":"bungalow-park","status":"publish","type":"page","link":"https:\/\/www.laspalmeras.com\/fr\/hebergements\/bungalows\/bungalow-park\/","title":{"rendered":"Park"},"content":{"rendered":"\n<div class=\"wp-block-cover alignfull is-style-no-margin\"><img loading=\"lazy\" decoding=\"async\" width=\"1200\" height=\"801\" class=\"wp-block-cover__image-background wp-image-33316\" alt=\"\" src=\"https:\/\/www.laspalmeras.com\/wp-content\/uploads\/dsc-2083-hdr.jpg\" style=\"object-position:56% 52%\" data-object-fit=\"cover\" data-object-position=\"56% 52%\" srcset=\"https:\/\/www.laspalmeras.com\/wp-content\/uploads\/dsc-2083-hdr.jpg 1200w, https:\/\/www.laspalmeras.com\/wp-content\/uploads\/dsc-2083-hdr-1024x684.jpg 1024w, https:\/\/www.laspalmeras.com\/wp-content\/uploads\/dsc-2083-hdr-768x513.jpg 768w\" sizes=\"auto, (max-width: 1200px) 100vw, 1200px\" \/><span aria-hidden=\"true\" class=\"wp-block-cover__background has-blank-yellow-background-color has-background-dim-0 has-background-dim\"><\/span><div class=\"wp-block-cover__inner-container is-layout-flow wp-block-cover-is-layout-flow\">\n<p class=\"has-text-align-center has-large-font-size\"><\/p>\n<\/div><\/div>\n\n\n\n<div class=\"wp-block-group alignfull group-accomodations-content is-style-no-margin has-blank-beige-background-color has-background is-layout-constrained wp-container-core-group-is-layout-68610720 wp-block-group-is-layout-constrained\" style=\"padding-bottom:10vh\"><div id=\"wp-block-booking-widget-block_41c442882fe72f859609202895296f02\" class=\"wp-block-booking-widget animation--init--once has-text-align-left animation--init--once float-widget\" style=\"\">\n        \n        <div class=\"booking-widget-wrapper \">\n                    <div class=\"widget-title-wrapper\">\n                <h3><strong>Park<\/strong><\/h3>                <p>Mobile Home<\/p>                            <\/div>\n                <script>\n            document.addEventListener('DOMContentLoaded', function () {\n\n                var widget = new MasterWidget('widgetBookingContainer2320', {\n                    lang: 'fr',idProperty: '142',categoryIds: [4],dropdown: true,\n                    url: 'https:\/\/booking.laspalmeras.com'\n                });\n\n\n            });\n\n            <\/script><div id=\"widgetBookingContainer2320\"> <\/div>    <\/div>\n        <\/div>\n\n\n\n<div class=\"wp-block-group is-layout-flow wp-block-group-is-layout-flow\">\n<h1 class=\"wp-block-heading animation--init\" style=\"margin-top:3vw\">Zone situ\u00e9e dans la for\u00eat du parc naturel de Punta de la M\u00f3ra<\/h1>\n\n\n<div id=\"wp-block-slider-block_36e5e8159f19c7492944bac50099c1ca\" class=\"wp-block-slider animation--init has-custom-margin\" style=\"margin-top:4vh;margin-bottom:4vh;\">\n                    <div class=\"slider-container\"><div class=\"splide galeria-slider galeria-columnas-1\" id=\"slide_685\"><div class=\"splide__track\"><div class=\"splide__list\"><a href=\"https:\/\/www.laspalmeras.com\/wp-content\/uploads\/dsc-2083-hdr.jpg\" id=\"thumb-33320\" class=\"splide__slide image-link\" data-gallery=\"slide_685\"  data-counter=\"01\/13\" alt=\" \" class=\"image-link\"><img loading=\"lazy\" decoding=\"async\" width=\"687\" height=\"418\" src=\"https:\/\/www.laspalmeras.com\/wp-content\/uploads\/dsc-2083-hdr-687x418.jpg\" class=\"attachment-slider-lodgements size-slider-lodgements\" alt=\"\" \/><\/a><a href=\"https:\/\/www.laspalmeras.com\/wp-content\/uploads\/20251028-campinglaspalmeras-web-29.jpg\" id=\"thumb-40058\" class=\"splide__slide image-link\" data-gallery=\"slide_685\"  data-counter=\"02\/13\" alt=\" \" class=\"image-link\"><img loading=\"lazy\" decoding=\"async\" width=\"687\" height=\"418\" src=\"https:\/\/www.laspalmeras.com\/wp-content\/uploads\/20251028-campinglaspalmeras-web-29-687x418.jpg\" class=\"attachment-slider-lodgements size-slider-lodgements\" alt=\"\" \/><\/a><a href=\"https:\/\/www.laspalmeras.com\/wp-content\/uploads\/dsc-2124-hdr-1.jpg\" id=\"thumb-33436\" class=\"splide__slide image-link\" data-gallery=\"slide_685\"  data-counter=\"03\/13\" alt=\" \" class=\"image-link\"><img loading=\"lazy\" decoding=\"async\" width=\"687\" height=\"418\" src=\"https:\/\/www.laspalmeras.com\/wp-content\/uploads\/dsc-2124-hdr-1-687x418.jpg\" class=\"attachment-slider-lodgements size-slider-lodgements\" alt=\"\" \/><\/a><a href=\"https:\/\/www.laspalmeras.com\/wp-content\/uploads\/dsc-2099-hdr.jpg\" id=\"thumb-33422\" class=\"splide__slide image-link\" data-gallery=\"slide_685\"  data-counter=\"04\/13\" alt=\" \" class=\"image-link\"><img loading=\"lazy\" decoding=\"async\" width=\"687\" height=\"418\" src=\"https:\/\/www.laspalmeras.com\/wp-content\/uploads\/dsc-2099-hdr-687x418.jpg\" class=\"attachment-slider-lodgements size-slider-lodgements\" alt=\"\" \/><\/a><a href=\"https:\/\/www.laspalmeras.com\/wp-content\/uploads\/dsc-2116-hdr.jpg\" id=\"thumb-33429\" class=\"splide__slide image-link\" data-gallery=\"slide_685\"  data-counter=\"05\/13\" alt=\" \" class=\"image-link\"><img loading=\"lazy\" decoding=\"async\" width=\"687\" height=\"418\" src=\"https:\/\/www.laspalmeras.com\/wp-content\/uploads\/dsc-2116-hdr-687x418.jpg\" class=\"attachment-slider-lodgements size-slider-lodgements\" alt=\"\" \/><\/a><a href=\"https:\/\/www.laspalmeras.com\/wp-content\/uploads\/dsc-2004-hdr.jpg\" id=\"thumb-33373\" class=\"splide__slide image-link\" data-gallery=\"slide_685\"  data-counter=\"06\/13\" alt=\" \" class=\"image-link\"><img loading=\"lazy\" decoding=\"async\" width=\"687\" height=\"418\" src=\"https:\/\/www.laspalmeras.com\/wp-content\/uploads\/dsc-2004-hdr-687x418.jpg\" class=\"attachment-slider-lodgements size-slider-lodgements\" alt=\"\" \/><\/a><a href=\"https:\/\/www.laspalmeras.com\/wp-content\/uploads\/dsc-2028-hdr.jpg\" id=\"thumb-33387\" class=\"splide__slide image-link\" data-gallery=\"slide_685\"  data-counter=\"07\/13\" alt=\" \" class=\"image-link\"><img loading=\"lazy\" decoding=\"async\" width=\"687\" height=\"418\" src=\"https:\/\/www.laspalmeras.com\/wp-content\/uploads\/dsc-2028-hdr-687x418.jpg\" class=\"attachment-slider-lodgements size-slider-lodgements\" alt=\"\" \/><\/a><a href=\"https:\/\/www.laspalmeras.com\/wp-content\/uploads\/dsc-2036-hdr.jpg\" id=\"thumb-33394\" class=\"splide__slide image-link\" data-gallery=\"slide_685\"  data-counter=\"08\/13\" alt=\" \" class=\"image-link\"><img loading=\"lazy\" decoding=\"async\" width=\"687\" height=\"418\" src=\"https:\/\/www.laspalmeras.com\/wp-content\/uploads\/dsc-2036-hdr-687x418.jpg\" class=\"attachment-slider-lodgements size-slider-lodgements\" alt=\"\" \/><\/a><a href=\"https:\/\/www.laspalmeras.com\/wp-content\/uploads\/dsc-2022-hdr.jpg\" id=\"thumb-33380\" class=\"splide__slide image-link\" data-gallery=\"slide_685\"  data-counter=\"09\/13\" alt=\" \" class=\"image-link\"><img loading=\"lazy\" decoding=\"async\" width=\"687\" height=\"418\" src=\"https:\/\/www.laspalmeras.com\/wp-content\/uploads\/dsc-2022-hdr-687x418.jpg\" class=\"attachment-slider-lodgements size-slider-lodgements\" alt=\"\" \/><\/a><a href=\"https:\/\/www.laspalmeras.com\/wp-content\/uploads\/dsc-2061-hdr.jpg\" id=\"thumb-33401\" class=\"splide__slide image-link\" data-gallery=\"slide_685\"  data-counter=\"10\/13\" alt=\" \" class=\"image-link\"><img loading=\"lazy\" decoding=\"async\" width=\"687\" height=\"418\" src=\"https:\/\/www.laspalmeras.com\/wp-content\/uploads\/dsc-2061-hdr-687x418.jpg\" class=\"attachment-slider-lodgements size-slider-lodgements\" alt=\"\" \/><\/a><a href=\"https:\/\/www.laspalmeras.com\/wp-content\/uploads\/dsc-2076-hdr.jpg\" id=\"thumb-33415\" class=\"splide__slide image-link\" data-gallery=\"slide_685\"  data-counter=\"11\/13\" alt=\" \" class=\"image-link\"><img loading=\"lazy\" decoding=\"async\" width=\"687\" height=\"418\" src=\"https:\/\/www.laspalmeras.com\/wp-content\/uploads\/dsc-2076-hdr-687x418.jpg\" class=\"attachment-slider-lodgements size-slider-lodgements\" alt=\"\" \/><\/a><a href=\"https:\/\/www.laspalmeras.com\/wp-content\/uploads\/dsc-2070-hdr.jpg\" id=\"thumb-33408\" class=\"splide__slide image-link\" data-gallery=\"slide_685\"  data-counter=\"12\/13\" alt=\" \" class=\"image-link\"><img loading=\"lazy\" decoding=\"async\" width=\"687\" height=\"418\" src=\"https:\/\/www.laspalmeras.com\/wp-content\/uploads\/dsc-2070-hdr-687x418.jpg\" class=\"attachment-slider-lodgements size-slider-lodgements\" alt=\"\" \/><\/a><a href=\"https:\/\/www.laspalmeras.com\/wp-content\/uploads\/20251028-campinglaspalmeras-web-30.jpg\" id=\"thumb-40065\" class=\"splide__slide image-link\" data-gallery=\"slide_685\"  data-counter=\"13\/13\" alt=\" \" class=\"image-link\"><img loading=\"lazy\" decoding=\"async\" width=\"687\" height=\"418\" src=\"https:\/\/www.laspalmeras.com\/wp-content\/uploads\/20251028-campinglaspalmeras-web-30-687x418.jpg\" class=\"attachment-slider-lodgements size-slider-lodgements\" alt=\"\" \/><\/a><\/div><\/div><\/div><\/div>\n            <script>\n            document.addEventListener( 'DOMContentLoaded', function () {\n\n                var splide = new Splide( '#slide_685', \n                    {\n                    \/\/type   : 'true',\n                    type   : 'loop',\n                    pagination : false,\n                    perPage: 1,\n                    gap: '2em',\n                    padding: {\n                        left : '0%',\n                        right: '0%',\n                        },\n                    breakpoints: {\n                        750: {\n                            perPage: 0,\n                        },\n                        600: {\n                            perPage: 1,\n                        },\n                    }    \n\n\n                    }\n                ).mount();\n\n                function counter(){\n                    return document.querySelector('#slide_685 .is-active.is-visible').getAttribute('data-counter');\n                }\n\n                let initCounter = counter();\n\n                let arrows = document.querySelector('#slide_685 .splide__arrows');\n                let divCounter = '<div class=\"splide__counter\">'+initCounter+'<\/div>';\n                arrows.insertAdjacentHTML('afterend', divCounter);\n                splide.on( 'moved', function() {\n                    document.querySelector('#slide_685 .splide__counter').textContent = counter();\n                } );\n\n            });\n            <\/script>\n                        <\/div>\n\n\n\n<p>Espace ombrag\u00e9 sous la pin\u00e8de, \u00e0 150 m\u00e8tres de la plage Playa Larga, sans circulation de v\u00e9hicules et \u00e0 proximit\u00e9 des criques vierges connues sous le nom de Cala Fonda et Cala Becs de Tarragone.<\/p>\n\n\n\n<div class=\"wp-block-group link-tabs has-link-color wp-elements-ba554f5dde91831ea411509d8179e668 is-nowrap is-layout-flex wp-container-core-group-is-layout-8e705238 wp-block-group-is-layout-flex\" style=\"padding-top:8vh\">\n<p><a href=\"#tab-section-informacion\">Information<\/a><\/p>\n\n\n\n<p><a href=\"#tab-section-equipamiento\">\u00c9quipement<\/a><\/p>\n<\/div>\n\n\n\n<div id=\"tab-section-informacion\" class=\"wp-block-group section-link-tab is-layout-flow wp-block-group-is-layout-flow\" style=\"padding-top:3vh\">\n<h4 class=\"wp-block-heading animation--init\" style=\"margin-top:0rem;margin-bottom:1.5rem\">Caract\u00e9ristiques<\/h4>\n\n\n\n<figure class=\"wp-block-image size-large is-style-icono-lateral wp-duotone-f2bd42-rgba25525525501-1\"><img loading=\"lazy\" decoding=\"async\" width=\"34\" height=\"34\" src=\"https:\/\/www.laspalmeras.com\/wp-content\/uploads\/ico-personas.svg\" alt=\"\" class=\"wp-image-19635\"\/><figcaption class=\"wp-element-caption\">4\/6 personnes<\/figcaption><\/figure>\n\n\n\n<figure class=\"wp-block-image size-large is-style-icono-lateral is-style-no-margin wp-duotone-f2bd42-rgba25525525501-2\"><img loading=\"lazy\" decoding=\"async\" width=\"34\" height=\"34\" src=\"https:\/\/www.laspalmeras.com\/wp-content\/uploads\/ico-cama-doble.svg\" alt=\"\" class=\"wp-image-19781\"\/><figcaption class=\"wp-element-caption\">1 chambre lit double queen size<\/figcaption><\/figure>\n\n\n\n<figure class=\"wp-block-image size-large is-style-icono-lateral is-style-no-margin wp-duotone-f2bd42-rgba25525525501-3\"><img loading=\"lazy\" decoding=\"async\" width=\"34\" height=\"34\" src=\"https:\/\/www.laspalmeras.com\/wp-content\/uploads\/ico-cama-individual.svg\" alt=\"\" class=\"wp-image-20012\"\/><figcaption class=\"wp-element-caption\">1 chambre avec 2 lits individuels<\/figcaption><\/figure>\n\n\n\n<figure class=\"wp-block-image size-large is-style-icono-lateral is-style-no-margin wp-duotone-f2bd42-rgba25525525501-4\"><img loading=\"lazy\" decoding=\"async\" width=\"34\" height=\"34\" src=\"https:\/\/www.laspalmeras.com\/wp-content\/uploads\/ico-cama-individual.svg\" alt=\"\" class=\"wp-image-20012\"\/><figcaption class=\"wp-element-caption\">1 canap\u00e9-lit<\/figcaption><\/figure>\n\n\n\n<figure class=\"wp-block-image size-large is-style-icono-lateral is-style-no-margin wp-duotone-f2bd42-rgba25525525501-5\"><img loading=\"lazy\" decoding=\"async\" width=\"34\" height=\"34\" src=\"https:\/\/www.laspalmeras.com\/wp-content\/uploads\/ico-superficie.svg\" alt=\"\" class=\"wp-image-19534\"\/><figcaption class=\"wp-element-caption\">43.3 m<sup>2<\/sup> (int\u00e9rieur: 28.3 m<sup>2<\/sup> et terrasse: 15 m<sup>2<\/sup>)<\/figcaption><\/figure>\n\n\n\n<figure class=\"wp-block-image size-large is-style-icono-lateral is-style-no-margin wp-duotone-f2bd42-rgba25525525501-6\"><img loading=\"lazy\" decoding=\"async\" width=\"34\" height=\"34\" src=\"https:\/\/www.laspalmeras.com\/wp-content\/uploads\/ico-banyo.svg\" alt=\"\" class=\"wp-image-20005\"\/><figcaption class=\"wp-element-caption\">Toilettes priv\u00e9es<\/figcaption><\/figure>\n\n\n\n<figure class=\"wp-block-image size-large is-style-icono-lateral is-style-no-margin wp-duotone-f2bd42-rgba25525525501-7\"><img loading=\"lazy\" decoding=\"async\" width=\"34\" height=\"34\" src=\"https:\/\/www.laspalmeras.com\/wp-content\/uploads\/ico-ac.svg\" alt=\"\" class=\"wp-image-20450\"\/><figcaption class=\"wp-element-caption\">Climatisation<\/figcaption><\/figure>\n\n\n\n<h4 class=\"wp-block-heading animation--init\" style=\"margin-top:3rem;margin-bottom:1.5rem\">Localisation<\/h4>\n\n\n\n<div class=\"wp-block-buttons is-layout-flex wp-block-buttons-is-layout-flex\">\n<div class=\"wp-block-button is-style-button-file\"><a class=\"wp-block-button__link has-blank-blue-2-color has-text-color wp-element-button\" href=\"https:\/\/www.laspalmeras.com\/wp-content\/uploads\/park-24.pdf\" style=\"padding-top:18px;padding-right:18px;padding-bottom:18px;padding-left:18px\" target=\"_blank\" rel=\"noreferrer noopener\"><mark style=\"background-color:rgba(0, 0, 0, 0)\" class=\"has-inline-color has-blank-black-color\">Plan du camping<\/mark><\/a><\/div>\n\n\n\n<div class=\"wp-block-button is-style-button-file image-button\"><a class=\"wp-block-button__link has-blank-blue-2-color has-text-color wp-element-button\" href=\"https:\/\/www.laspalmeras.com\/wp-content\/uploads\/distribucio-interior-page-0001-e1674549863929.jpg\" style=\"padding-top:18px;padding-right:18px;padding-bottom:18px;padding-left:18px\" class=\"image-link\"><mark style=\"background-color:rgba(0, 0, 0, 0)\" class=\"has-inline-color has-blank-black-color\"><mark style=\"background-color:rgba(0, 0, 0, 0)\" class=\"has-inline-color has-blank-black-color\">Plan du logement<\/mark><\/mark><\/a><\/div>\n<\/div>\n<\/div>\n\n\n\n<div id=\"tab-section-equipamiento\" class=\"wp-block-group section-link-tab is-layout-flow wp-block-group-is-layout-flow\" style=\"padding-top:3vh\">\n<ul class=\"wp-block-list is-style-columns-2 animation--init\">\n<li>4 couvertures<\/li>\n\n\n\n<li>Chauffage<\/li>\n\n\n\n<li>Cuisine avec ustensils de cuisine<\/li>\n\n\n\n<li>Materiel de nettoyage<\/li>\n\n\n\n<li>Toilettes avec douche<\/li>\n\n\n\n<li>Frigo avec petit cong\u00e9lateur<\/li>\n\n\n\n<li>Cafeti\u00e8re Dolce Gusto<\/li>\n\n\n\n<li>Grille-pain<\/li>\n\n\n\n<li>Micro-ondes<\/li>\n\n\n\n<li>Meubles de terrasse<\/li>\n\n\n\n<li>T\u00e9l\u00e9viseur LCD<\/li>\n\n\n\n<li>Connexion WIFI (en option)<\/li>\n\n\n\n<li>Place de parking pour un v\u00e9hicule<\/li>\n\n\n\n<li>Climatisation<\/li>\n<\/ul>\n\n\n\n<p class=\"has-text-14-font-size\">*Draps et serviettes non inclus<br>**Les animaux de compagnie ne sont pas admis<\/p>\n<\/div>\n<\/div>\n<\/div>\n","protected":false},"excerpt":{"rendered":"<p>Zone situ\u00e9e dans la for\u00eat du parc naturel de Punta de la M\u00f3ra.<\/p>\n","protected":false},"author":4,"featured_media":0,"parent":23929,"menu_order":9,"comment_status":"closed","ping_status":"closed","template":"","meta":{"_acf_changed":false,"om_disable_all_campaigns":false,"inline_featured_image":false,"_monsterinsights_skip_tracking":false,"_monsterinsights_sitenote_active":false,"_monsterinsights_sitenote_note":"","_monsterinsights_sitenote_category":0,"_uf_show_specific_survey":0,"_uf_disable_surveys":false,"footnotes":""},"class_list":["post-23949","page","type-page","status-publish","hentry"],"acf":[],"aioseo_notices":[],"yoast_head":"<!-- This site is optimized with the Yoast SEO plugin v25.4 - https:\/\/yoast.com\/wordpress\/plugins\/seo\/ -->\n<title>Park - Camping Las Palmeras<\/title>\n<meta name=\"description\" content=\"Zone situ\u00e9e dans la for\u00eat du parc naturel de Punta de la M\u00f3ra.\" \/>\n<meta name=\"robots\" content=\"index, follow, max-snippet:-1, max-image-preview:large, max-video-preview:-1\" \/>\n<link rel=\"canonical\" href=\"https:\/\/www.laspalmeras.com\/fr\/hebergements\/bungalows\/bungalow-park\/\" \/>\n<meta property=\"og:locale\" content=\"fr_FR\" \/>\n<meta property=\"og:type\" content=\"article\" \/>\n<meta property=\"og:title\" content=\"Park - Camping Las Palmeras\" \/>\n<meta property=\"og:description\" content=\"Zone situ\u00e9e dans la for\u00eat du parc naturel de Punta de la M\u00f3ra.\" \/>\n<meta property=\"og:url\" content=\"https:\/\/www.laspalmeras.com\/fr\/hebergements\/bungalows\/bungalow-park\/\" \/>\n<meta property=\"og:site_name\" content=\"Camping Las Palmeras\" \/>\n<meta property=\"article:publisher\" content=\"https:\/\/www.facebook.com\/CampingBungalowLasPalmeras\/\" \/>\n<meta property=\"article:modified_time\" content=\"2025-12-12T09:50:01+00:00\" \/>\n<meta property=\"og:image\" content=\"https:\/\/www.laspalmeras.com\/wp-content\/uploads\/dsc-2083-hdr.jpg\" \/>\n\t<meta property=\"og:image:width\" content=\"1200\" \/>\n\t<meta property=\"og:image:height\" content=\"801\" \/>\n\t<meta property=\"og:image:type\" content=\"image\/jpeg\" \/>\n<meta name=\"twitter:card\" content=\"summary_large_image\" \/>\n<script type=\"application\/ld+json\" class=\"yoast-schema-graph\">{\"@context\":\"https:\/\/schema.org\",\"@graph\":[{\"@type\":\"WebPage\",\"@id\":\"https:\/\/www.laspalmeras.com\/fr\/hebergements\/bungalows\/bungalow-park\/\",\"url\":\"https:\/\/www.laspalmeras.com\/fr\/hebergements\/bungalows\/bungalow-park\/\",\"name\":\"Park - Camping Las Palmeras\",\"isPartOf\":{\"@id\":\"https:\/\/www.laspalmeras.com\/fr\/#website\"},\"primaryImageOfPage\":{\"@id\":\"https:\/\/www.laspalmeras.com\/fr\/hebergements\/bungalows\/bungalow-park\/#primaryimage\"},\"image\":{\"@id\":\"https:\/\/www.laspalmeras.com\/fr\/hebergements\/bungalows\/bungalow-park\/#primaryimage\"},\"thumbnailUrl\":\"https:\/\/www.laspalmeras.com\/wp-content\/uploads\/dsc-2083-hdr.jpg\",\"datePublished\":\"2022-05-26T09:04:37+00:00\",\"dateModified\":\"2025-12-12T09:50:01+00:00\",\"description\":\"Zone situ\u00e9e dans la for\u00eat du parc naturel de Punta de la M\u00f3ra.\",\"breadcrumb\":{\"@id\":\"https:\/\/www.laspalmeras.com\/fr\/hebergements\/bungalows\/bungalow-park\/#breadcrumb\"},\"inLanguage\":\"fr-FR\",\"potentialAction\":[{\"@type\":\"ReadAction\",\"target\":[\"https:\/\/www.laspalmeras.com\/fr\/hebergements\/bungalows\/bungalow-park\/\"]}]},{\"@type\":\"ImageObject\",\"inLanguage\":\"fr-FR\",\"@id\":\"https:\/\/www.laspalmeras.com\/fr\/hebergements\/bungalows\/bungalow-park\/#primaryimage\",\"url\":\"https:\/\/www.laspalmeras.com\/wp-content\/uploads\/dsc-2083-hdr.jpg\",\"contentUrl\":\"https:\/\/www.laspalmeras.com\/wp-content\/uploads\/dsc-2083-hdr.jpg\"},{\"@type\":\"BreadcrumbList\",\"@id\":\"https:\/\/www.laspalmeras.com\/fr\/hebergements\/bungalows\/bungalow-park\/#breadcrumb\",\"itemListElement\":[{\"@type\":\"ListItem\",\"position\":1,\"name\":\"Portada\",\"item\":\"https:\/\/www.laspalmeras.com\/fr\/\"},{\"@type\":\"ListItem\",\"position\":2,\"name\":\"H\u00e9bergements\",\"item\":\"https:\/\/www.laspalmeras.com\/fr\/hebergements\/\"},{\"@type\":\"ListItem\",\"position\":3,\"name\":\"Mobile Homes\",\"item\":\"https:\/\/www.laspalmeras.com\/fr\/hebergements\/bungalows\/\"},{\"@type\":\"ListItem\",\"position\":4,\"name\":\"Park\"}]},{\"@type\":\"WebSite\",\"@id\":\"https:\/\/www.laspalmeras.com\/fr\/#website\",\"url\":\"https:\/\/www.laspalmeras.com\/fr\/\",\"name\":\"Camping Las Palmeras\",\"description\":\"Un c\u00e0mping familiar a Tarragona en plena Costa Daurada.\",\"publisher\":{\"@id\":\"https:\/\/www.laspalmeras.com\/fr\/#organization\"},\"potentialAction\":[{\"@type\":\"SearchAction\",\"target\":{\"@type\":\"EntryPoint\",\"urlTemplate\":\"https:\/\/www.laspalmeras.com\/fr\/?s={search_term_string}\"},\"query-input\":{\"@type\":\"PropertyValueSpecification\",\"valueRequired\":true,\"valueName\":\"search_term_string\"}}],\"inLanguage\":\"fr-FR\"},{\"@type\":\"Organization\",\"@id\":\"https:\/\/www.laspalmeras.com\/fr\/#organization\",\"name\":\"Camping Las Palmeras\",\"alternateName\":\"Las Palmeras\",\"url\":\"https:\/\/www.laspalmeras.com\/fr\/\",\"logo\":{\"@type\":\"ImageObject\",\"inLanguage\":\"fr-FR\",\"@id\":\"https:\/\/www.laspalmeras.com\/fr\/#\/schema\/logo\/image\/\",\"url\":\"https:\/\/www.laspalmeras.com\/wp-content\/uploads\/logo-palmeras.svg\",\"contentUrl\":\"https:\/\/www.laspalmeras.com\/wp-content\/uploads\/logo-palmeras.svg\",\"width\":200,\"height\":102,\"caption\":\"Camping Las Palmeras\"},\"image\":{\"@id\":\"https:\/\/www.laspalmeras.com\/fr\/#\/schema\/logo\/image\/\"},\"sameAs\":[\"https:\/\/www.facebook.com\/CampingBungalowLasPalmeras\/\",\"https:\/\/www.instagram.com\/las_palmeras_cyb\/\"]}]}<\/script>\n<!-- \/ Yoast SEO plugin. -->","yoast_head_json":{"title":"Park - Camping Las Palmeras","description":"Zone situ\u00e9e dans la for\u00eat du parc naturel de Punta de la M\u00f3ra.","robots":{"index":"index","follow":"follow","max-snippet":"max-snippet:-1","max-image-preview":"max-image-preview:large","max-video-preview":"max-video-preview:-1"},"canonical":"https:\/\/www.laspalmeras.com\/fr\/hebergements\/bungalows\/bungalow-park\/","og_locale":"fr_FR","og_type":"article","og_title":"Park - Camping Las Palmeras","og_description":"Zone situ\u00e9e dans la for\u00eat du parc naturel de Punta de la M\u00f3ra.","og_url":"https:\/\/www.laspalmeras.com\/fr\/hebergements\/bungalows\/bungalow-park\/","og_site_name":"Camping Las Palmeras","article_publisher":"https:\/\/www.facebook.com\/CampingBungalowLasPalmeras\/","article_modified_time":"2025-12-12T09:50:01+00:00","og_image":[{"width":1200,"height":801,"url":"https:\/\/www.laspalmeras.com\/wp-content\/uploads\/dsc-2083-hdr.jpg","type":"image\/jpeg"}],"twitter_card":"summary_large_image","schema":{"@context":"https:\/\/schema.org","@graph":[{"@type":"WebPage","@id":"https:\/\/www.laspalmeras.com\/fr\/hebergements\/bungalows\/bungalow-park\/","url":"https:\/\/www.laspalmeras.com\/fr\/hebergements\/bungalows\/bungalow-park\/","name":"Park - Camping Las Palmeras","isPartOf":{"@id":"https:\/\/www.laspalmeras.com\/fr\/#website"},"primaryImageOfPage":{"@id":"https:\/\/www.laspalmeras.com\/fr\/hebergements\/bungalows\/bungalow-park\/#primaryimage"},"image":{"@id":"https:\/\/www.laspalmeras.com\/fr\/hebergements\/bungalows\/bungalow-park\/#primaryimage"},"thumbnailUrl":"https:\/\/www.laspalmeras.com\/wp-content\/uploads\/dsc-2083-hdr.jpg","datePublished":"2022-05-26T09:04:37+00:00","dateModified":"2025-12-12T09:50:01+00:00","description":"Zone situ\u00e9e dans la for\u00eat du parc naturel de Punta de la M\u00f3ra.","breadcrumb":{"@id":"https:\/\/www.laspalmeras.com\/fr\/hebergements\/bungalows\/bungalow-park\/#breadcrumb"},"inLanguage":"fr-FR","potentialAction":[{"@type":"ReadAction","target":["https:\/\/www.laspalmeras.com\/fr\/hebergements\/bungalows\/bungalow-park\/"]}]},{"@type":"ImageObject","inLanguage":"fr-FR","@id":"https:\/\/www.laspalmeras.com\/fr\/hebergements\/bungalows\/bungalow-park\/#primaryimage","url":"https:\/\/www.laspalmeras.com\/wp-content\/uploads\/dsc-2083-hdr.jpg","contentUrl":"https:\/\/www.laspalmeras.com\/wp-content\/uploads\/dsc-2083-hdr.jpg"},{"@type":"BreadcrumbList","@id":"https:\/\/www.laspalmeras.com\/fr\/hebergements\/bungalows\/bungalow-park\/#breadcrumb","itemListElement":[{"@type":"ListItem","position":1,"name":"Portada","item":"https:\/\/www.laspalmeras.com\/fr\/"},{"@type":"ListItem","position":2,"name":"H\u00e9bergements","item":"https:\/\/www.laspalmeras.com\/fr\/hebergements\/"},{"@type":"ListItem","position":3,"name":"Mobile Homes","item":"https:\/\/www.laspalmeras.com\/fr\/hebergements\/bungalows\/"},{"@type":"ListItem","position":4,"name":"Park"}]},{"@type":"WebSite","@id":"https:\/\/www.laspalmeras.com\/fr\/#website","url":"https:\/\/www.laspalmeras.com\/fr\/","name":"Camping Las Palmeras","description":"Un c\u00e0mping familiar a Tarragona en plena Costa Daurada.","publisher":{"@id":"https:\/\/www.laspalmeras.com\/fr\/#organization"},"potentialAction":[{"@type":"SearchAction","target":{"@type":"EntryPoint","urlTemplate":"https:\/\/www.laspalmeras.com\/fr\/?s={search_term_string}"},"query-input":{"@type":"PropertyValueSpecification","valueRequired":true,"valueName":"search_term_string"}}],"inLanguage":"fr-FR"},{"@type":"Organization","@id":"https:\/\/www.laspalmeras.com\/fr\/#organization","name":"Camping Las Palmeras","alternateName":"Las Palmeras","url":"https:\/\/www.laspalmeras.com\/fr\/","logo":{"@type":"ImageObject","inLanguage":"fr-FR","@id":"https:\/\/www.laspalmeras.com\/fr\/#\/schema\/logo\/image\/","url":"https:\/\/www.laspalmeras.com\/wp-content\/uploads\/logo-palmeras.svg","contentUrl":"https:\/\/www.laspalmeras.com\/wp-content\/uploads\/logo-palmeras.svg","width":200,"height":102,"caption":"Camping Las Palmeras"},"image":{"@id":"https:\/\/www.laspalmeras.com\/fr\/#\/schema\/logo\/image\/"},"sameAs":["https:\/\/www.facebook.com\/CampingBungalowLasPalmeras\/","https:\/\/www.instagram.com\/las_palmeras_cyb\/"]}]}},"_links":{"self":[{"href":"https:\/\/www.laspalmeras.com\/fr\/wp-json\/wp\/v2\/pages\/23949","targetHints":{"allow":["GET"]}}],"collection":[{"href":"https:\/\/www.laspalmeras.com\/fr\/wp-json\/wp\/v2\/pages"}],"about":[{"href":"https:\/\/www.laspalmeras.com\/fr\/wp-json\/wp\/v2\/types\/page"}],"author":[{"embeddable":true,"href":"https:\/\/www.laspalmeras.com\/fr\/wp-json\/wp\/v2\/users\/4"}],"replies":[{"embeddable":true,"href":"https:\/\/www.laspalmeras.com\/fr\/wp-json\/wp\/v2\/comments?post=23949"}],"version-history":[{"count":12,"href":"https:\/\/www.laspalmeras.com\/fr\/wp-json\/wp\/v2\/pages\/23949\/revisions"}],"predecessor-version":[{"id":40121,"href":"https:\/\/www.laspalmeras.com\/fr\/wp-json\/wp\/v2\/pages\/23949\/revisions\/40121"}],"up":[{"embeddable":true,"href":"https:\/\/www.laspalmeras.com\/fr\/wp-json\/wp\/v2\/pages\/23929"}],"wp:attachment":[{"href":"https:\/\/www.laspalmeras.com\/fr\/wp-json\/wp\/v2\/media?parent=23949"}],"curies":[{"name":"wp","href":"https:\/\/api.w.org\/{rel}","templated":true}]}}