{"id":23939,"date":"2022-05-25T13:13:17","date_gmt":"2022-05-25T11:13:17","guid":{"rendered":"https:\/\/2022.laspalmeras.com\/logement\/bungalows\/bungalow-beach-cangrejo\/"},"modified":"2025-12-11T16:33:27","modified_gmt":"2025-12-11T15:33:27","slug":"bungalow-beach-cangrejo","status":"publish","type":"page","link":"https:\/\/www.laspalmeras.com\/fr\/hebergements\/bungalows\/bungalow-beach-cangrejo\/","title":{"rendered":"Beach Cangrejo"},"content":{"rendered":"\n<div class=\"wp-block-cover alignfull is-light is-style-no-margin\"><img loading=\"lazy\" decoding=\"async\" width=\"1920\" height=\"1280\" class=\"wp-block-cover__image-background wp-image-30165\" alt=\"\" src=\"https:\/\/www.laspalmeras.com\/wp-content\/uploads\/camping-laspalmeras-108.jpg\" data-object-fit=\"cover\" srcset=\"https:\/\/www.laspalmeras.com\/wp-content\/uploads\/camping-laspalmeras-108.jpg 1920w, https:\/\/www.laspalmeras.com\/wp-content\/uploads\/camping-laspalmeras-108-1024x683.jpg 1024w, https:\/\/www.laspalmeras.com\/wp-content\/uploads\/camping-laspalmeras-108-768x512.jpg 768w, https:\/\/www.laspalmeras.com\/wp-content\/uploads\/camping-laspalmeras-108-1536x1024.jpg 1536w\" sizes=\"auto, (max-width: 1920px) 100vw, 1920px\" \/><span aria-hidden=\"true\" class=\"wp-block-cover__background has-blank-yellow-background-color has-background-dim-0 has-background-dim\"><\/span><div class=\"wp-block-cover__inner-container is-layout-flow wp-block-cover-is-layout-flow\">\n<p class=\"has-text-align-center has-large-font-size\"><\/p>\n<\/div><\/div>\n\n\n\n<div class=\"wp-block-group alignfull group-accomodations-content is-style-no-margin has-blank-beige-background-color has-background is-layout-constrained wp-container-core-group-is-layout-68610720 wp-block-group-is-layout-constrained\" style=\"padding-bottom:10vh\"><div id=\"wp-block-booking-widget-block_113febc7ad4e275a7f7baf7f170fdc46\" class=\"wp-block-booking-widget animation--init--once has-text-align-left animation--init--once float-widget\" style=\"\">\n        \n        <div class=\"booking-widget-wrapper \">\n                    <div class=\"widget-title-wrapper\">\n                <h3><strong>Beach Cangrejo<\/strong><\/h3>                <p>Mobile Home<\/p>                            <\/div>\n                <script>\n            document.addEventListener('DOMContentLoaded', function () {\n\n                var widget = new MasterWidget('widgetBookingContainer4930', {\n                    lang: 'fr',idProperty: '142',categoryIds: [2],dropdown: true,\n                    url: 'https:\/\/booking.laspalmeras.com'\n                });\n\n\n            });\n\n            <\/script><div id=\"widgetBookingContainer4930\"> <\/div>    <\/div>\n        <\/div>\n\n\n\n<div class=\"wp-block-group is-layout-flow wp-block-group-is-layout-flow\">\n<h1 class=\"wp-block-heading animation--init\" style=\"margin-top:3vw\">Zone de mobile homes jardin\u00e9e situ\u00e9e \u00e0 c\u00f4t\u00e9 de la plage Playa Larga de Tarragone<\/h1>\n\n\n<div id=\"wp-block-slider-block_176a954da10354cb39a1c2f64fbf0ea0\" class=\"wp-block-slider animation--init has-custom-margin\" style=\"margin-top:4vh;margin-bottom:4vh;\">\n                    <div class=\"slider-container\"><div class=\"splide galeria-slider galeria-columnas-1\" id=\"slide_909\"><div class=\"splide__track\"><div class=\"splide__list\"><a href=\"https:\/\/www.laspalmeras.com\/wp-content\/uploads\/20251028-campinglaspalmeras-web-17.jpg\" id=\"thumb-39879\" class=\"splide__slide image-link\" data-gallery=\"slide_909\"  data-counter=\"01\/10\" alt=\" \" class=\"image-link\"><img loading=\"lazy\" decoding=\"async\" width=\"687\" height=\"418\" src=\"https:\/\/www.laspalmeras.com\/wp-content\/uploads\/20251028-campinglaspalmeras-web-17-687x418.jpg\" class=\"attachment-slider-lodgements size-slider-lodgements\" alt=\"\" \/><\/a><a href=\"https:\/\/www.laspalmeras.com\/wp-content\/uploads\/2022-camping-las-palmeras00055.jpg\" id=\"thumb-30468\" class=\"splide__slide image-link\" data-gallery=\"slide_909\"  data-counter=\"02\/10\" alt=\" \" class=\"image-link\"><img loading=\"lazy\" decoding=\"async\" width=\"687\" height=\"418\" src=\"https:\/\/www.laspalmeras.com\/wp-content\/uploads\/2022-camping-las-palmeras00055-687x418.jpg\" class=\"attachment-slider-lodgements size-slider-lodgements\" alt=\"\" \/><\/a><a href=\"https:\/\/www.laspalmeras.com\/wp-content\/uploads\/2022-camping-las-palmeras00056-2.jpg\" id=\"thumb-30475\" class=\"splide__slide image-link\" data-gallery=\"slide_909\"  data-counter=\"03\/10\" alt=\" \" class=\"image-link\"><img loading=\"lazy\" decoding=\"async\" width=\"687\" height=\"418\" src=\"https:\/\/www.laspalmeras.com\/wp-content\/uploads\/2022-camping-las-palmeras00056-2-687x418.jpg\" class=\"attachment-slider-lodgements size-slider-lodgements\" alt=\"\" \/><\/a><a href=\"https:\/\/www.laspalmeras.com\/wp-content\/uploads\/2022-camping-las-palmeras00059-2.jpg\" id=\"thumb-30490\" class=\"splide__slide image-link\" data-gallery=\"slide_909\"  data-counter=\"04\/10\" alt=\" \" class=\"image-link\"><img loading=\"lazy\" decoding=\"async\" width=\"687\" height=\"418\" src=\"https:\/\/www.laspalmeras.com\/wp-content\/uploads\/2022-camping-las-palmeras00059-2-687x418.jpg\" class=\"attachment-slider-lodgements size-slider-lodgements\" alt=\"\" \/><\/a><a href=\"https:\/\/www.laspalmeras.com\/wp-content\/uploads\/2022-camping-las-palmeras00060-2.jpg\" id=\"thumb-30497\" class=\"splide__slide image-link\" data-gallery=\"slide_909\"  data-counter=\"05\/10\" alt=\" \" class=\"image-link\"><img loading=\"lazy\" decoding=\"async\" width=\"687\" height=\"418\" src=\"https:\/\/www.laspalmeras.com\/wp-content\/uploads\/2022-camping-las-palmeras00060-2-687x418.jpg\" class=\"attachment-slider-lodgements size-slider-lodgements\" alt=\"\" \/><\/a><a href=\"https:\/\/www.laspalmeras.com\/wp-content\/uploads\/20251028-campinglaspalmeras-web-8-copia.jpg\" id=\"thumb-39849\" class=\"splide__slide image-link\" data-gallery=\"slide_909\"  data-counter=\"06\/10\" alt=\" \" class=\"image-link\"><img loading=\"lazy\" decoding=\"async\" width=\"687\" height=\"418\" src=\"https:\/\/www.laspalmeras.com\/wp-content\/uploads\/20251028-campinglaspalmeras-web-8-copia-687x418.jpg\" class=\"attachment-slider-lodgements size-slider-lodgements\" alt=\"\" \/><\/a><a href=\"https:\/\/www.laspalmeras.com\/wp-content\/uploads\/2022-1-39-of-43-2.jpg\" id=\"thumb-38213\" class=\"splide__slide image-link\" data-gallery=\"slide_909\"  data-counter=\"07\/10\" alt=\" \" class=\"image-link\"><img loading=\"lazy\" decoding=\"async\" width=\"687\" height=\"418\" src=\"https:\/\/www.laspalmeras.com\/wp-content\/uploads\/2022-1-39-of-43-2-687x418.jpg\" class=\"attachment-slider-lodgements size-slider-lodgements\" alt=\"\" \/><\/a><a href=\"https:\/\/www.laspalmeras.com\/wp-content\/uploads\/2022-1-41-of-43-2.jpg\" id=\"thumb-38220\" class=\"splide__slide image-link\" data-gallery=\"slide_909\"  data-counter=\"08\/10\" alt=\" \" class=\"image-link\"><img loading=\"lazy\" decoding=\"async\" width=\"687\" height=\"418\" src=\"https:\/\/www.laspalmeras.com\/wp-content\/uploads\/2022-1-41-of-43-2-687x418.jpg\" class=\"attachment-slider-lodgements size-slider-lodgements\" alt=\"\" \/><\/a><a href=\"https:\/\/www.laspalmeras.com\/wp-content\/uploads\/20251028-campinglaspalmeras-web-10-copia.jpg\" id=\"thumb-39856\" class=\"splide__slide image-link\" data-gallery=\"slide_909\"  data-counter=\"09\/10\" alt=\" \" class=\"image-link\"><img loading=\"lazy\" decoding=\"async\" width=\"687\" height=\"418\" src=\"https:\/\/www.laspalmeras.com\/wp-content\/uploads\/20251028-campinglaspalmeras-web-10-copia-687x418.jpg\" class=\"attachment-slider-lodgements size-slider-lodgements\" alt=\"\" \/><\/a><a href=\"https:\/\/www.laspalmeras.com\/wp-content\/uploads\/20251028-campinglaspalmeras-web-11.jpg\" id=\"thumb-39863\" class=\"splide__slide image-link\" data-gallery=\"slide_909\"  data-counter=\"10\/10\" alt=\" \" class=\"image-link\"><img loading=\"lazy\" decoding=\"async\" width=\"687\" height=\"418\" src=\"https:\/\/www.laspalmeras.com\/wp-content\/uploads\/20251028-campinglaspalmeras-web-11-687x418.jpg\" class=\"attachment-slider-lodgements size-slider-lodgements\" alt=\"\" \/><\/a><\/div><\/div><\/div><\/div>\n            <script>\n            document.addEventListener( 'DOMContentLoaded', function () {\n\n                var splide = new Splide( '#slide_909', \n                    {\n                    \/\/type   : 'true',\n                    type   : 'loop',\n                    pagination : false,\n                    perPage: 1,\n                    gap: '2em',\n                    padding: {\n                        left : '0%',\n                        right: '0%',\n                        },\n                    breakpoints: {\n                        750: {\n                            perPage: 0,\n                        },\n                        600: {\n                            perPage: 1,\n                        },\n                    }    \n\n\n                    }\n                ).mount();\n\n                function counter(){\n                    return document.querySelector('#slide_909 .is-active.is-visible').getAttribute('data-counter');\n                }\n\n                let initCounter = counter();\n\n                let arrows = document.querySelector('#slide_909 .splide__arrows');\n                let divCounter = '<div class=\"splide__counter\">'+initCounter+'<\/div>';\n                arrows.insertAdjacentHTML('afterend', divCounter);\n                splide.on( 'moved', function() {\n                    document.querySelector('#slide_909 .splide__counter').textContent = counter();\n                } );\n\n            });\n            <\/script>\n                        <\/div>\n\n\n\n<p>Il s\u2019agit d\u2019un espace exclusif, ombrag\u00e9 de pins et palmiers, sans circulation de v\u00e9hicules, situ\u00e9 en bord de mer sur la Costa Dorada. \u00c0 seulement 15 minutes de PortAventura.<\/p>\n\n\n\n<div class=\"wp-block-group link-tabs has-link-color wp-elements-ba554f5dde91831ea411509d8179e668 is-nowrap is-layout-flex wp-container-core-group-is-layout-8e705238 wp-block-group-is-layout-flex\" style=\"padding-top:8vh\">\n<p><a href=\"#tab-section-informacion\">Information<\/a><\/p>\n\n\n\n<p><a href=\"#tab-section-equipamiento\">\u00c9quipement<\/a><\/p>\n<\/div>\n\n\n\n<div id=\"tab-section-informacion\" class=\"wp-block-group section-link-tab is-layout-flow wp-block-group-is-layout-flow\" style=\"padding-top:3vh\">\n<h4 class=\"wp-block-heading animation--init\" style=\"margin-top:0rem;margin-bottom:1.5rem\">Caract\u00e9ristiques<\/h4>\n\n\n\n<figure class=\"wp-block-image size-large is-style-icono-lateral wp-duotone-f2bd42-rgba25525525501-1\"><img loading=\"lazy\" decoding=\"async\" width=\"34\" height=\"34\" src=\"https:\/\/www.laspalmeras.com\/wp-content\/uploads\/ico-personas.svg\" alt=\"\" class=\"wp-image-19635\"\/><figcaption class=\"wp-element-caption\">4\/6 personnes<\/figcaption><\/figure>\n\n\n\n<figure class=\"wp-block-image size-large is-style-icono-lateral is-style-no-margin wp-duotone-f2bd42-rgba25525525501-2\"><img loading=\"lazy\" decoding=\"async\" width=\"34\" height=\"34\" src=\"https:\/\/www.laspalmeras.com\/wp-content\/uploads\/ico-cama-doble.svg\" alt=\"\" class=\"wp-image-19781\"\/><figcaption class=\"wp-element-caption\">1 chambre lit double queen size<\/figcaption><\/figure>\n\n\n\n<figure class=\"wp-block-image size-large is-style-icono-lateral is-style-no-margin wp-duotone-f2bd42-rgba25525525501-3\"><img loading=\"lazy\" decoding=\"async\" width=\"34\" height=\"34\" src=\"https:\/\/www.laspalmeras.com\/wp-content\/uploads\/ico-cama-individual.svg\" alt=\"\" class=\"wp-image-20012\"\/><figcaption class=\"wp-element-caption\">1 chambre avec 2 lits individuels<\/figcaption><\/figure>\n\n\n\n<figure class=\"wp-block-image size-large is-style-icono-lateral is-style-no-margin wp-duotone-f2bd42-rgba25525525501-4\"><img loading=\"lazy\" decoding=\"async\" width=\"34\" height=\"34\" src=\"https:\/\/www.laspalmeras.com\/wp-content\/uploads\/ico-cama-individual.svg\" alt=\"\" class=\"wp-image-20012\"\/><figcaption class=\"wp-element-caption\">1 canap\u00e9-lit<\/figcaption><\/figure>\n\n\n\n<figure class=\"wp-block-image size-large is-style-icono-lateral is-style-no-margin wp-duotone-f2bd42-rgba25525525501-5\"><img loading=\"lazy\" decoding=\"async\" width=\"34\" height=\"34\" src=\"https:\/\/www.laspalmeras.com\/wp-content\/uploads\/ico-superficie.svg\" alt=\"\" class=\"wp-image-19534\"\/><figcaption class=\"wp-element-caption\">38.6 m<sup>2<\/sup> (int\u00e9rieur: 28.3 m<sup>2<\/sup> et terrasse: 10.3 m<sup>2<\/sup>)<\/figcaption><\/figure>\n\n\n\n<figure class=\"wp-block-image size-large is-style-icono-lateral is-style-no-margin wp-duotone-f2bd42-rgba25525525501-6\"><img loading=\"lazy\" decoding=\"async\" width=\"34\" height=\"34\" src=\"https:\/\/www.laspalmeras.com\/wp-content\/uploads\/ico-banyo.svg\" alt=\"\" class=\"wp-image-20005\"\/><figcaption class=\"wp-element-caption\">Toilettes priv\u00e9es<\/figcaption><\/figure>\n\n\n\n<figure class=\"wp-block-image size-large is-style-icono-lateral is-style-no-margin wp-duotone-f2bd42-rgba25525525501-7\"><img loading=\"lazy\" decoding=\"async\" width=\"34\" height=\"34\" src=\"https:\/\/www.laspalmeras.com\/wp-content\/uploads\/ico-ac.svg\" alt=\"\" class=\"wp-image-20450\"\/><figcaption class=\"wp-element-caption\">Climatisation<\/figcaption><\/figure>\n\n\n\n<h4 class=\"wp-block-heading animation--init\" style=\"margin-top:3rem;margin-bottom:1.5rem\">Localisation<\/h4>\n\n\n\n<div class=\"wp-block-buttons is-layout-flex wp-block-buttons-is-layout-flex\">\n<div class=\"wp-block-button is-style-button-file\"><a class=\"wp-block-button__link has-blank-blue-2-color has-text-color wp-element-button\" href=\"https:\/\/www.laspalmeras.com\/wp-content\/uploads\/beach-cangrejo-24.pdf\" style=\"padding-top:18px;padding-right:18px;padding-bottom:18px;padding-left:18px\" target=\"_blank\" rel=\"noreferrer noopener\"><mark style=\"background-color:rgba(0, 0, 0, 0)\" class=\"has-inline-color has-blank-black-color\">Plan du camping<\/mark><\/a><\/div>\n\n\n\n<div class=\"wp-block-button is-style-button-file image-button\"><a class=\"wp-block-button__link has-blank-blue-2-color has-text-color wp-element-button\" href=\"https:\/\/www.laspalmeras.com\/wp-content\/uploads\/beach-cangrejo.jpg\" style=\"padding-top:18px;padding-right:18px;padding-bottom:18px;padding-left:18px\" class=\"image-link\"><mark style=\"background-color:rgba(0, 0, 0, 0)\" class=\"has-inline-color has-blank-black-color\"><mark style=\"background-color:rgba(0, 0, 0, 0)\" class=\"has-inline-color has-blank-black-color\">Plan du logement<\/mark><\/mark><\/a><\/div>\n<\/div>\n<\/div>\n\n\n\n<div id=\"tab-section-equipamiento\" class=\"wp-block-group section-link-tab is-layout-flow wp-block-group-is-layout-flow\" style=\"padding-top:3vh\">\n<ul class=\"wp-block-list is-style-columns-2 animation--init\">\n<li>4 couvertures<\/li>\n\n\n\n<li>Chauffage<\/li>\n\n\n\n<li>Cuisine avec ustensils de cuisine<\/li>\n\n\n\n<li>Materiel de nettoyage<\/li>\n\n\n\n<li>Toilettes avec douche<\/li>\n\n\n\n<li>Frigo avec petit cong\u00e9lateur<\/li>\n\n\n\n<li>Cafeti\u00e8re Dolce Gusto<\/li>\n\n\n\n<li>Grille-pain<\/li>\n\n\n\n<li>Micro-ondes<\/li>\n\n\n\n<li>Meubles de terrasse<\/li>\n\n\n\n<li>T\u00e9l\u00e9viseur LCD<\/li>\n\n\n\n<li>Connexion WIFI (en option)<\/li>\n\n\n\n<li>Place de parking pour un v\u00e9hicule<\/li>\n\n\n\n<li>Climatisation<\/li>\n<\/ul>\n\n\n\n<p class=\"has-text-14-font-size\">*Draps et serviettes non inclus<br>**Les animaux de compagnie ne sont pas admis<br>***Pas tous les mobile homes ont vue sur la mer.<\/p>\n<\/div>\n<\/div>\n\n\n\n<p><\/p>\n<\/div>\n","protected":false},"excerpt":{"rendered":"<p>4\/6 personnes, Climatisation. Espace exclusif, ombrag\u00e9 de pins et de palmiers, sans circulation de v\u00e9hicules.<\/p>\n","protected":false},"author":4,"featured_media":0,"parent":23929,"menu_order":3,"comment_status":"closed","ping_status":"closed","template":"","meta":{"_acf_changed":false,"om_disable_all_campaigns":false,"inline_featured_image":false,"_monsterinsights_skip_tracking":false,"_monsterinsights_sitenote_active":false,"_monsterinsights_sitenote_note":"","_monsterinsights_sitenote_category":0,"_uf_show_specific_survey":0,"_uf_disable_surveys":false,"footnotes":""},"class_list":["post-23939","page","type-page","status-publish","hentry"],"acf":[],"aioseo_notices":[],"yoast_head":"<!-- This site is optimized with the Yoast SEO plugin v25.4 - https:\/\/yoast.com\/wordpress\/plugins\/seo\/ -->\n<title>Beach Cangrejo - Camping Las Palmeras<\/title>\n<meta name=\"description\" content=\"4\/6 personnes, Climatisation. Espace exclusif, ombrag\u00e9 de pins et de palmiers, sans circulation de v\u00e9hicules.\" \/>\n<meta name=\"robots\" content=\"index, follow, max-snippet:-1, max-image-preview:large, max-video-preview:-1\" \/>\n<link rel=\"canonical\" href=\"https:\/\/www.laspalmeras.com\/fr\/hebergements\/bungalows\/bungalow-beach-cangrejo\/\" \/>\n<meta property=\"og:locale\" content=\"fr_FR\" \/>\n<meta property=\"og:type\" content=\"article\" \/>\n<meta property=\"og:title\" content=\"Beach Cangrejo - Camping Las Palmeras\" \/>\n<meta property=\"og:description\" content=\"4\/6 personnes, Climatisation. Espace exclusif, ombrag\u00e9 de pins et de palmiers, sans circulation de v\u00e9hicules.\" \/>\n<meta property=\"og:url\" content=\"https:\/\/www.laspalmeras.com\/fr\/hebergements\/bungalows\/bungalow-beach-cangrejo\/\" \/>\n<meta property=\"og:site_name\" content=\"Camping Las Palmeras\" \/>\n<meta property=\"article:publisher\" content=\"https:\/\/www.facebook.com\/CampingBungalowLasPalmeras\/\" \/>\n<meta property=\"article:modified_time\" content=\"2025-12-11T15:33:27+00:00\" \/>\n<meta property=\"og:image\" content=\"https:\/\/www.laspalmeras.com\/wp-content\/uploads\/camping-laspalmeras-108.jpg\" \/>\n\t<meta property=\"og:image:width\" content=\"1920\" \/>\n\t<meta property=\"og:image:height\" content=\"1280\" \/>\n\t<meta property=\"og:image:type\" content=\"image\/jpeg\" \/>\n<meta name=\"twitter:card\" content=\"summary_large_image\" \/>\n<meta name=\"twitter:label1\" content=\"Dur\u00e9e de lecture estim\u00e9e\" \/>\n\t<meta name=\"twitter:data1\" content=\"1 minute\" \/>\n<script type=\"application\/ld+json\" class=\"yoast-schema-graph\">{\"@context\":\"https:\/\/schema.org\",\"@graph\":[{\"@type\":\"WebPage\",\"@id\":\"https:\/\/www.laspalmeras.com\/fr\/hebergements\/bungalows\/bungalow-beach-cangrejo\/\",\"url\":\"https:\/\/www.laspalmeras.com\/fr\/hebergements\/bungalows\/bungalow-beach-cangrejo\/\",\"name\":\"Beach Cangrejo - Camping Las Palmeras\",\"isPartOf\":{\"@id\":\"https:\/\/www.laspalmeras.com\/fr\/#website\"},\"primaryImageOfPage\":{\"@id\":\"https:\/\/www.laspalmeras.com\/fr\/hebergements\/bungalows\/bungalow-beach-cangrejo\/#primaryimage\"},\"image\":{\"@id\":\"https:\/\/www.laspalmeras.com\/fr\/hebergements\/bungalows\/bungalow-beach-cangrejo\/#primaryimage\"},\"thumbnailUrl\":\"https:\/\/www.laspalmeras.com\/wp-content\/uploads\/camping-laspalmeras-108.jpg\",\"datePublished\":\"2022-05-25T11:13:17+00:00\",\"dateModified\":\"2025-12-11T15:33:27+00:00\",\"description\":\"4\/6 personnes, Climatisation. Espace exclusif, ombrag\u00e9 de pins et de palmiers, sans circulation de v\u00e9hicules.\",\"breadcrumb\":{\"@id\":\"https:\/\/www.laspalmeras.com\/fr\/hebergements\/bungalows\/bungalow-beach-cangrejo\/#breadcrumb\"},\"inLanguage\":\"fr-FR\",\"potentialAction\":[{\"@type\":\"ReadAction\",\"target\":[\"https:\/\/www.laspalmeras.com\/fr\/hebergements\/bungalows\/bungalow-beach-cangrejo\/\"]}]},{\"@type\":\"ImageObject\",\"inLanguage\":\"fr-FR\",\"@id\":\"https:\/\/www.laspalmeras.com\/fr\/hebergements\/bungalows\/bungalow-beach-cangrejo\/#primaryimage\",\"url\":\"https:\/\/www.laspalmeras.com\/wp-content\/uploads\/camping-laspalmeras-108.jpg\",\"contentUrl\":\"https:\/\/www.laspalmeras.com\/wp-content\/uploads\/camping-laspalmeras-108.jpg\"},{\"@type\":\"BreadcrumbList\",\"@id\":\"https:\/\/www.laspalmeras.com\/fr\/hebergements\/bungalows\/bungalow-beach-cangrejo\/#breadcrumb\",\"itemListElement\":[{\"@type\":\"ListItem\",\"position\":1,\"name\":\"Portada\",\"item\":\"https:\/\/www.laspalmeras.com\/fr\/\"},{\"@type\":\"ListItem\",\"position\":2,\"name\":\"H\u00e9bergements\",\"item\":\"https:\/\/www.laspalmeras.com\/fr\/hebergements\/\"},{\"@type\":\"ListItem\",\"position\":3,\"name\":\"Mobile Homes\",\"item\":\"https:\/\/www.laspalmeras.com\/fr\/hebergements\/bungalows\/\"},{\"@type\":\"ListItem\",\"position\":4,\"name\":\"Beach Cangrejo\"}]},{\"@type\":\"WebSite\",\"@id\":\"https:\/\/www.laspalmeras.com\/fr\/#website\",\"url\":\"https:\/\/www.laspalmeras.com\/fr\/\",\"name\":\"Camping Las Palmeras\",\"description\":\"Un c\u00e0mping familiar a Tarragona en plena Costa Daurada.\",\"publisher\":{\"@id\":\"https:\/\/www.laspalmeras.com\/fr\/#organization\"},\"potentialAction\":[{\"@type\":\"SearchAction\",\"target\":{\"@type\":\"EntryPoint\",\"urlTemplate\":\"https:\/\/www.laspalmeras.com\/fr\/?s={search_term_string}\"},\"query-input\":{\"@type\":\"PropertyValueSpecification\",\"valueRequired\":true,\"valueName\":\"search_term_string\"}}],\"inLanguage\":\"fr-FR\"},{\"@type\":\"Organization\",\"@id\":\"https:\/\/www.laspalmeras.com\/fr\/#organization\",\"name\":\"Camping Las Palmeras\",\"alternateName\":\"Las Palmeras\",\"url\":\"https:\/\/www.laspalmeras.com\/fr\/\",\"logo\":{\"@type\":\"ImageObject\",\"inLanguage\":\"fr-FR\",\"@id\":\"https:\/\/www.laspalmeras.com\/fr\/#\/schema\/logo\/image\/\",\"url\":\"https:\/\/www.laspalmeras.com\/wp-content\/uploads\/logo-palmeras.svg\",\"contentUrl\":\"https:\/\/www.laspalmeras.com\/wp-content\/uploads\/logo-palmeras.svg\",\"width\":200,\"height\":102,\"caption\":\"Camping Las Palmeras\"},\"image\":{\"@id\":\"https:\/\/www.laspalmeras.com\/fr\/#\/schema\/logo\/image\/\"},\"sameAs\":[\"https:\/\/www.facebook.com\/CampingBungalowLasPalmeras\/\",\"https:\/\/www.instagram.com\/las_palmeras_cyb\/\"]}]}<\/script>\n<!-- \/ Yoast SEO plugin. -->","yoast_head_json":{"title":"Beach Cangrejo - Camping Las Palmeras","description":"4\/6 personnes, Climatisation. Espace exclusif, ombrag\u00e9 de pins et de palmiers, sans circulation de v\u00e9hicules.","robots":{"index":"index","follow":"follow","max-snippet":"max-snippet:-1","max-image-preview":"max-image-preview:large","max-video-preview":"max-video-preview:-1"},"canonical":"https:\/\/www.laspalmeras.com\/fr\/hebergements\/bungalows\/bungalow-beach-cangrejo\/","og_locale":"fr_FR","og_type":"article","og_title":"Beach Cangrejo - Camping Las Palmeras","og_description":"4\/6 personnes, Climatisation. Espace exclusif, ombrag\u00e9 de pins et de palmiers, sans circulation de v\u00e9hicules.","og_url":"https:\/\/www.laspalmeras.com\/fr\/hebergements\/bungalows\/bungalow-beach-cangrejo\/","og_site_name":"Camping Las Palmeras","article_publisher":"https:\/\/www.facebook.com\/CampingBungalowLasPalmeras\/","article_modified_time":"2025-12-11T15:33:27+00:00","og_image":[{"width":1920,"height":1280,"url":"https:\/\/www.laspalmeras.com\/wp-content\/uploads\/camping-laspalmeras-108.jpg","type":"image\/jpeg"}],"twitter_card":"summary_large_image","twitter_misc":{"Dur\u00e9e de lecture estim\u00e9e":"1 minute"},"schema":{"@context":"https:\/\/schema.org","@graph":[{"@type":"WebPage","@id":"https:\/\/www.laspalmeras.com\/fr\/hebergements\/bungalows\/bungalow-beach-cangrejo\/","url":"https:\/\/www.laspalmeras.com\/fr\/hebergements\/bungalows\/bungalow-beach-cangrejo\/","name":"Beach Cangrejo - Camping Las Palmeras","isPartOf":{"@id":"https:\/\/www.laspalmeras.com\/fr\/#website"},"primaryImageOfPage":{"@id":"https:\/\/www.laspalmeras.com\/fr\/hebergements\/bungalows\/bungalow-beach-cangrejo\/#primaryimage"},"image":{"@id":"https:\/\/www.laspalmeras.com\/fr\/hebergements\/bungalows\/bungalow-beach-cangrejo\/#primaryimage"},"thumbnailUrl":"https:\/\/www.laspalmeras.com\/wp-content\/uploads\/camping-laspalmeras-108.jpg","datePublished":"2022-05-25T11:13:17+00:00","dateModified":"2025-12-11T15:33:27+00:00","description":"4\/6 personnes, Climatisation. Espace exclusif, ombrag\u00e9 de pins et de palmiers, sans circulation de v\u00e9hicules.","breadcrumb":{"@id":"https:\/\/www.laspalmeras.com\/fr\/hebergements\/bungalows\/bungalow-beach-cangrejo\/#breadcrumb"},"inLanguage":"fr-FR","potentialAction":[{"@type":"ReadAction","target":["https:\/\/www.laspalmeras.com\/fr\/hebergements\/bungalows\/bungalow-beach-cangrejo\/"]}]},{"@type":"ImageObject","inLanguage":"fr-FR","@id":"https:\/\/www.laspalmeras.com\/fr\/hebergements\/bungalows\/bungalow-beach-cangrejo\/#primaryimage","url":"https:\/\/www.laspalmeras.com\/wp-content\/uploads\/camping-laspalmeras-108.jpg","contentUrl":"https:\/\/www.laspalmeras.com\/wp-content\/uploads\/camping-laspalmeras-108.jpg"},{"@type":"BreadcrumbList","@id":"https:\/\/www.laspalmeras.com\/fr\/hebergements\/bungalows\/bungalow-beach-cangrejo\/#breadcrumb","itemListElement":[{"@type":"ListItem","position":1,"name":"Portada","item":"https:\/\/www.laspalmeras.com\/fr\/"},{"@type":"ListItem","position":2,"name":"H\u00e9bergements","item":"https:\/\/www.laspalmeras.com\/fr\/hebergements\/"},{"@type":"ListItem","position":3,"name":"Mobile Homes","item":"https:\/\/www.laspalmeras.com\/fr\/hebergements\/bungalows\/"},{"@type":"ListItem","position":4,"name":"Beach Cangrejo"}]},{"@type":"WebSite","@id":"https:\/\/www.laspalmeras.com\/fr\/#website","url":"https:\/\/www.laspalmeras.com\/fr\/","name":"Camping Las Palmeras","description":"Un c\u00e0mping familiar a Tarragona en plena Costa Daurada.","publisher":{"@id":"https:\/\/www.laspalmeras.com\/fr\/#organization"},"potentialAction":[{"@type":"SearchAction","target":{"@type":"EntryPoint","urlTemplate":"https:\/\/www.laspalmeras.com\/fr\/?s={search_term_string}"},"query-input":{"@type":"PropertyValueSpecification","valueRequired":true,"valueName":"search_term_string"}}],"inLanguage":"fr-FR"},{"@type":"Organization","@id":"https:\/\/www.laspalmeras.com\/fr\/#organization","name":"Camping Las Palmeras","alternateName":"Las Palmeras","url":"https:\/\/www.laspalmeras.com\/fr\/","logo":{"@type":"ImageObject","inLanguage":"fr-FR","@id":"https:\/\/www.laspalmeras.com\/fr\/#\/schema\/logo\/image\/","url":"https:\/\/www.laspalmeras.com\/wp-content\/uploads\/logo-palmeras.svg","contentUrl":"https:\/\/www.laspalmeras.com\/wp-content\/uploads\/logo-palmeras.svg","width":200,"height":102,"caption":"Camping Las Palmeras"},"image":{"@id":"https:\/\/www.laspalmeras.com\/fr\/#\/schema\/logo\/image\/"},"sameAs":["https:\/\/www.facebook.com\/CampingBungalowLasPalmeras\/","https:\/\/www.instagram.com\/las_palmeras_cyb\/"]}]}},"_links":{"self":[{"href":"https:\/\/www.laspalmeras.com\/fr\/wp-json\/wp\/v2\/pages\/23939","targetHints":{"allow":["GET"]}}],"collection":[{"href":"https:\/\/www.laspalmeras.com\/fr\/wp-json\/wp\/v2\/pages"}],"about":[{"href":"https:\/\/www.laspalmeras.com\/fr\/wp-json\/wp\/v2\/types\/page"}],"author":[{"embeddable":true,"href":"https:\/\/www.laspalmeras.com\/fr\/wp-json\/wp\/v2\/users\/4"}],"replies":[{"embeddable":true,"href":"https:\/\/www.laspalmeras.com\/fr\/wp-json\/wp\/v2\/comments?post=23939"}],"version-history":[{"count":14,"href":"https:\/\/www.laspalmeras.com\/fr\/wp-json\/wp\/v2\/pages\/23939\/revisions"}],"predecessor-version":[{"id":40085,"href":"https:\/\/www.laspalmeras.com\/fr\/wp-json\/wp\/v2\/pages\/23939\/revisions\/40085"}],"up":[{"embeddable":true,"href":"https:\/\/www.laspalmeras.com\/fr\/wp-json\/wp\/v2\/pages\/23929"}],"wp:attachment":[{"href":"https:\/\/www.laspalmeras.com\/fr\/wp-json\/wp\/v2\/media?parent=23939"}],"curies":[{"name":"wp","href":"https:\/\/api.w.org\/{rel}","templated":true}]}}