{"id":36872,"date":"2024-06-14T15:29:33","date_gmt":"2024-06-14T13:29:33","guid":{"rendered":"https:\/\/www.laspalmeras.com\/platja-i-piscina-2\/"},"modified":"2026-03-04T10:56:26","modified_gmt":"2026-03-04T09:56:26","slug":"platja-i-piscina","status":"publish","type":"page","link":"https:\/\/www.laspalmeras.com\/ca\/platja-i-piscina\/","title":{"rendered":"Platja i Piscina"},"content":{"rendered":"\n<div class=\"wp-block-group alignfull header-group is-style-wave-bottom-white has-blank-blue-4-background-color has-background is-layout-constrained wp-block-group-is-layout-constrained\" style=\"margin-bottom:10vh;padding-bottom:2vw\">\n<h1 class=\"wp-block-heading has-blank-white-color has-text-color has-link-color wp-elements-2d504458dc002055daea64f72744c6cb\">Platja i piscina al Camping Las Palmeras<\/h1>\n\n\n\n<p class=\"has-text-align-center has-blank-white-color has-text-color has-text-18-font-size\" style=\"margin-bottom:8vh\">El Camping Las Palmeras es troba a primera l\u00ednia de la Platja Llarga, una de les m\u00e9s emblem\u00e0tiques de Tarragona, i molt a prop de petites cales. El nostre c\u00e0mping ofereix als seus visitants una experi\u00e8ncia \u00fanica combinant el contacte amb la natura i la comoditat d&#8217;instal\u00b7lacions modernes, incloent-hi una piscina per a adults i un Splash Park per als m\u00e9s petits.<\/p>\n<\/div>\n\n\n\n<div class=\"wp-block-group banner-big has-blank-white-color has-blank-blue-4-background-color has-text-color has-background is-layout-flow wp-block-group-is-layout-flow\" style=\"padding-top:0px;padding-right:0px;padding-bottom:0px;padding-left:0px\">\n<div class=\"wp-block-cover is-light has-custom-content-position is-position-top-left\" style=\"min-height:274px;aspect-ratio:unset;\"><img loading=\"lazy\" decoding=\"async\" width=\"1920\" height=\"1080\" class=\"wp-block-cover__image-background wp-image-36555\" alt=\"\" src=\"https:\/\/www.laspalmeras.com\/wp-content\/uploads\/playa-llarga-00.webp\" data-object-fit=\"cover\" srcset=\"https:\/\/www.laspalmeras.com\/wp-content\/uploads\/playa-llarga-00.webp 1920w, https:\/\/www.laspalmeras.com\/wp-content\/uploads\/playa-llarga-00-1024x576.webp 1024w, https:\/\/www.laspalmeras.com\/wp-content\/uploads\/playa-llarga-00-768x432.webp 768w, https:\/\/www.laspalmeras.com\/wp-content\/uploads\/playa-llarga-00-1536x864.webp 1536w\" sizes=\"auto, (max-width: 1920px) 100vw, 1920px\" \/><span aria-hidden=\"true\" class=\"wp-block-cover__background has-background-dim wp-block-cover__gradient-background has-background-gradient has-black-transparent-gradient-background\" style=\"background-color:#a4b0bc\"><\/span><div class=\"wp-block-cover__inner-container is-layout-flow wp-block-cover-is-layout-flow\">\n<h3 class=\"wp-block-heading has-blank-white-color has-text-color has-link-color wp-elements-e0a2458083704d78f1a3889027a478a1\"><strong><strong><strong>Platja Llarga: natura i tranquil\u00b7litat<\/strong><\/strong><\/strong><\/h3>\n<\/div><\/div>\n\n\n\n<div class=\"wp-block-columns are-vertically-aligned-center is-layout-flex wp-container-core-columns-is-layout-28f84493 wp-block-columns-is-layout-flex\">\n<div class=\"wp-block-column is-vertically-aligned-center is-layout-flow wp-block-column-is-layout-flow\" style=\"flex-basis:60%\">\n<p class=\"has-text-18-font-size\">La Platja Llarga de Tarragona \u00e9s la platja natural m\u00e9s extensa de la ciutat. Destaca per la seva sorra fina i daurada i el seu pendent suau que facilita l&#8217;entrada al mar. Les seves aig\u00fces cristal\u00b7lines, tranquil\u00b7les i poc profundes la converteixen en el lloc perfecte per a fam\u00edlies amb nens, oferint seguretat i un entorn ideal per a banys relaxants.<\/p>\n<\/div>\n\n\n\n<div class=\"wp-block-column is-vertically-aligned-center is-layout-flow wp-block-column-is-layout-flow\" style=\"flex-basis:40%\">\n<div class=\"wp-block-buttons is-content-justification-right is-layout-flex wp-container-core-buttons-is-layout-d445cf74 wp-block-buttons-is-layout-flex\">\n<div class=\"wp-block-button has-custom-width wp-block-button__width-75 is-style-fill\"><a class=\"wp-block-button__link has-blank-blue-4-color has-blank-white-background-color has-text-color has-background has-text-font-size has-custom-font-size wp-element-button\" href=\"https:\/\/www.laspalmeras.com\/ca\/platja-i-piscina\/platja-llarga\/\"><strong><strong>Veure detalls<\/strong><\/strong><\/a><\/div>\n<\/div>\n<\/div>\n<\/div>\n<\/div>\n\n\n\n<div class=\"wp-block-group banner-big has-blank-white-color has-blank-blue-4-background-color has-text-color has-background is-layout-flow wp-block-group-is-layout-flow\" style=\"margin-bottom:10vh;padding-top:0px;padding-right:0px;padding-bottom:0px;padding-left:0px\">\n<div class=\"wp-block-cover is-light has-custom-content-position is-position-top-left\" style=\"min-height:274px;aspect-ratio:unset;\"><img loading=\"lazy\" decoding=\"async\" width=\"1920\" height=\"1280\" class=\"wp-block-cover__image-background wp-image-36604\" alt=\"\" src=\"https:\/\/www.laspalmeras.com\/wp-content\/uploads\/piscina-01.webp\" data-object-fit=\"cover\" srcset=\"https:\/\/www.laspalmeras.com\/wp-content\/uploads\/piscina-01.webp 1920w, https:\/\/www.laspalmeras.com\/wp-content\/uploads\/piscina-01-1024x683.webp 1024w, https:\/\/www.laspalmeras.com\/wp-content\/uploads\/piscina-01-768x512.webp 768w, https:\/\/www.laspalmeras.com\/wp-content\/uploads\/piscina-01-1536x1024.webp 1536w\" sizes=\"auto, (max-width: 1920px) 100vw, 1920px\" \/><span aria-hidden=\"true\" class=\"wp-block-cover__background has-background-dim wp-block-cover__gradient-background has-background-gradient has-black-transparent-gradient-background\" style=\"background-color:#af997b\"><\/span><div class=\"wp-block-cover__inner-container is-layout-flow wp-block-cover-is-layout-flow\">\n<h3 class=\"wp-block-heading has-blank-white-color has-text-color has-link-color wp-elements-95078aa98790270d0959b40ffa45c2f1\"><strong><strong><strong>Piscina i Splash: diversi\u00f3 per a tothom<\/strong><\/strong><\/strong><\/h3>\n<\/div><\/div>\n\n\n\n<div class=\"wp-block-columns are-vertically-aligned-center is-layout-flex wp-container-core-columns-is-layout-28f84493 wp-block-columns-is-layout-flex\">\n<div class=\"wp-block-column is-vertically-aligned-center is-layout-flow wp-block-column-is-layout-flow\" style=\"flex-basis:60%\">\n<p class=\"has-text-18-font-size\">Al Camping Las Palmeras tenim una piscina \u00e0mplia i refrescant perqu\u00e8 tots els p\u00fablics puguin gaudir del relax i del bany. Per als nens i adolescents comptem amb un parc aqu\u00e0tic Splash, pensat per garantir hores de diversi\u00f3 en un entorn segur i controlat.<\/p>\n\n\n\n<p class=\"has-text-18-font-size\">La nostra piscina i zona splash s\u00f3n perfectes per complementar un dia de platja o per a aquells que prefereixen la comoditat de les nostres instal\u00b7lacions aqu\u00e0tiques.<\/p>\n<\/div>\n\n\n\n<div class=\"wp-block-column is-vertically-aligned-center is-layout-flow wp-block-column-is-layout-flow\" style=\"flex-basis:40%\">\n<div class=\"wp-block-buttons is-content-justification-right is-layout-flex wp-container-core-buttons-is-layout-d445cf74 wp-block-buttons-is-layout-flex\">\n<div class=\"wp-block-button has-custom-width wp-block-button__width-75 is-style-fill\"><a class=\"wp-block-button__link has-blank-blue-4-color has-blank-white-background-color has-text-color has-background has-text-font-size has-custom-font-size wp-element-button\" href=\"https:\/\/www.laspalmeras.com\/ca\/platja-i-piscina\/piscina-i-splash\/\"><strong><strong>Veure detalls<\/strong><\/strong><\/a><\/div>\n<\/div>\n<\/div>\n<\/div>\n<\/div>\n\n\n\n<div class=\"wp-block-group alignfull is-style-no-margin reviews-group has-blank-beige-background-color has-background is-layout-constrained wp-container-core-group-is-layout-41693b0f wp-block-group-is-layout-constrained\" style=\"padding-top:6vw;padding-right:0vw;padding-bottom:6vw;padding-left:0vw\">\n<figure class=\"wp-block-image aligncenter size-large\"><img loading=\"lazy\" decoding=\"async\" width=\"143\" height=\"37\" src=\"https:\/\/www.laspalmeras.com\/wp-content\/uploads\/stars-title.svg\" alt=\"\" class=\"wp-image-19033\"\/><\/figure>\n\n\n\n<h4 class=\"alignwide has-text-align-center animation--init has-h-1-font-size wp-block-heading\" style=\"margin-bottom:4vw\">Les vostres opinions ens fan millorar perqu\u00e8 cada any la vostra experi\u00e8ncia sigui millor.<\/h4>\n\n\n\n<div id=\"block-reviews-block_a3a68bb01ad31c1a3bb938ec56f82236\" class=\"block-reviews alignfull review-columns column-1\" style=\"\">\n    <div class=\"reviews-wrapper splide\">\n        <div class=\"splide__track\">\n            <div class=\"splide__list\">\n\n    \n<div class=\"item-review splide__slide\">\n    <div class=\"content-review\">\n<figure class=\"wp-block-image review-stars\"><img loading=\"lazy\" decoding=\"async\" width=\"107\" height=\"19\" src=\"https:\/\/www.laspalmeras.com\/wp-content\/uploads\/5-stars.svg\" alt=\"\" class=\"wp-image-18988\"\/><\/figure>\n\n\n\n<p>\u00c9s un c\u00e0mping on s&#8217;est\u00e0 molt b\u00e9. Venim sovint ja que ens agrada molt. Est\u00e0 a dues pases de la platja, tenen lavabos adaptats per a nens petitons i un parc amb una estructura de joc gran i segura. Molt recomanable per fam\u00edlies!<\/p>\n\n\n\n<p class=\"review-link has-link-color has-text-14-font-size wp-elements-8e30ccb5299ec8c4febd4db18df505dd\">Google Review<\/p>\n<\/div>\n<\/div>\n\n<div class=\"item-review splide__slide\">\n    <div class=\"content-review\">\n<figure class=\"wp-block-image size-large review-stars\"><img loading=\"lazy\" decoding=\"async\" width=\"107\" height=\"19\" src=\"https:\/\/www.laspalmeras.com\/wp-content\/uploads\/4-stars.svg\" alt=\"\" class=\"wp-image-21521\"\/><\/figure>\n\n\n\n<p>Ben situat. Molt pla. Ideal per nens. Molts serveis i tot molt nou.<\/p>\n\n\n\n<p class=\"review-link has-link-color has-text-14-font-size\">Google Review<\/p>\n<\/div>\n<\/div>\n\n<div class=\"item-review splide__slide\">\n    <div class=\"content-review\">\n<figure class=\"wp-block-image review-stars\"><img loading=\"lazy\" decoding=\"async\" width=\"107\" height=\"19\" src=\"https:\/\/www.laspalmeras.com\/wp-content\/uploads\/5-stars.svg\" alt=\"\" class=\"wp-image-18988\"\/><\/figure>\n\n\n\n<p>Una estada perfecta. Per anar amb fam\u00edlia i nens molt recomanable. Els bungalows for\u00e7a nets i c\u00f2modes. C\u00e0mping molt pla, ideal per anar en bici a tot arreu. Acc\u00e9s a la platja perfecte.<\/p>\n\n\n\n<p class=\"review-link has-link-color has-text-14-font-size wp-elements-8e30ccb5299ec8c4febd4db18df505dd\">Google Review<\/p>\n<\/div>\n<\/div>\n\n<div class=\"item-review splide__slide\">\n    <div class=\"content-review\">\n<figure class=\"wp-block-image size-large review-stars\"><img loading=\"lazy\" decoding=\"async\" width=\"107\" height=\"19\" src=\"https:\/\/www.laspalmeras.com\/wp-content\/uploads\/4-stars.svg\" alt=\"\" class=\"wp-image-21521\"\/><\/figure>\n\n\n\n<p>Situaci\u00f3 ideal per visitar Tarragona i les seves platges. Bons serveis.<\/p>\n\n\n\n<p class=\"review-link has-link-color has-text-14-font-size wp-elements-8e30ccb5299ec8c4febd4db18df505dd\">Google Review<\/p>\n<\/div>\n<\/div>\n\n<div class=\"item-review splide__slide\">\n    <div class=\"content-review\">\n<figure class=\"wp-block-image review-stars\"><img loading=\"lazy\" decoding=\"async\" width=\"107\" height=\"19\" src=\"https:\/\/www.laspalmeras.com\/wp-content\/uploads\/5-stars.svg\" alt=\"\" class=\"wp-image-18988\"\/><\/figure>\n\n\n\n<p>Un bon lloc per desconnectar!<\/p>\n\n\n\n<p class=\"review-link has-link-color has-text-14-font-size wp-elements-8e30ccb5299ec8c4febd4db18df505dd\">Google Review<\/p>\n<\/div>\n<\/div>\n\n<div class=\"item-review splide__slide\">\n    <div class=\"content-review\">\n<figure class=\"wp-block-image review-stars\"><img loading=\"lazy\" decoding=\"async\" width=\"107\" height=\"19\" src=\"https:\/\/www.laspalmeras.com\/wp-content\/uploads\/5-stars.svg\" alt=\"\" class=\"wp-image-18988\"\/><\/figure>\n\n\n\n<p>El millor camping que hi ha.<\/p>\n\n\n\n<p class=\"review-link has-link-color has-text-14-font-size\">Google Review<\/p>\n<\/div>\n<\/div>\n\n<div class=\"item-review splide__slide\">\n    <div class=\"content-review\">\n<figure class=\"wp-block-image review-stars\"><img loading=\"lazy\" decoding=\"async\" width=\"107\" height=\"19\" src=\"https:\/\/www.laspalmeras.com\/wp-content\/uploads\/5-stars.svg\" alt=\"\" class=\"wp-image-18988\"\/><\/figure>\n\n\n\n<p>Un bon lloc per desconnectar. Sortida directa a la platja.<\/p>\n\n\n\n<p class=\"review-link has-link-color has-text-14-font-size\">Google Review<\/p>\n<\/div>\n<\/div>\n\n<div class=\"item-review splide__slide\">\n    <div class=\"content-review\">\n<figure class=\"wp-block-image review-stars\"><img loading=\"lazy\" decoding=\"async\" width=\"107\" height=\"19\" src=\"https:\/\/www.laspalmeras.com\/wp-content\/uploads\/5-stars.svg\" alt=\"\" class=\"wp-image-18988\"\/><\/figure>\n\n\n\n<p>Hem estat en parcel\u00b7la amb camper. Molt ben cuidat. Molt bona atenci\u00f3.<\/p>\n\n\n\n<p class=\"review-link has-link-color has-text-14-font-size\">Google Review<\/p>\n<\/div>\n<\/div>\n\n<div class=\"item-review splide__slide\">\n    <div class=\"content-review\">\n<figure class=\"wp-block-image size-large review-stars\"><img loading=\"lazy\" decoding=\"async\" width=\"107\" height=\"19\" src=\"https:\/\/www.laspalmeras.com\/wp-content\/uploads\/4-stars.svg\" alt=\"\" class=\"wp-image-21521\"\/><\/figure>\n\n\n\n<p>Molt acollidor i net. La ubicaci\u00f3 ideal per passejar per la platja. No li falta detall.<\/p>\n\n\n\n<p class=\"review-link has-link-color has-text-14-font-size\">Google Review<\/p>\n<\/div>\n<\/div>\n            <\/div>\n        <\/div>\n    <\/div>\n\n<\/div>\n\n    <script>\n        const reviewsSlider = new Splide( '#block-reviews-block_a3a68bb01ad31c1a3bb938ec56f82236 .reviews-wrapper', \n                {\n                    type: 'loop',\n                    gap: '50px',\n                    pagination: false,\n                    arrows: false,\n                    focus    : 'center',\n                    autoWidth: true\n                } \n                ).mount();\n\n                if (!!window.IntersectionObserver) {\n                const sectionReviews = document.querySelector('.reviews-wrapper');\n                const revealSection = function (entries, observer) {\n\n                    entries.forEach(entry => {   \n                        if (!entry.isIntersecting) return;\n                        reviewsSlider.go('+${1}');\n                    })\n\n                }\n\n                const sectionObserver = new IntersectionObserver(revealSection,\n                    {\n                        root: null,\n                        threshold: 0.3\n                    });\n\n                sectionObserver.observe(sectionReviews);\n\n            }\n    <\/script>\n<\/div>\n","protected":false},"excerpt":{"rendered":"<p>Allotjaments a primera l\u00ednia de mar, a la platja llarga de Tarragona lim\u00edtrofs amb el parc natural Bosc de la Marquesa.<\/p>\n","protected":false},"author":4,"featured_media":0,"parent":0,"menu_order":3,"comment_status":"closed","ping_status":"closed","template":"","meta":{"_acf_changed":false,"om_disable_all_campaigns":false,"inline_featured_image":false,"_monsterinsights_skip_tracking":false,"_monsterinsights_sitenote_active":false,"_monsterinsights_sitenote_note":"","_monsterinsights_sitenote_category":0,"_uf_show_specific_survey":0,"_uf_disable_surveys":false,"footnotes":""},"class_list":["post-36872","page","type-page","status-publish","hentry"],"acf":[],"aioseo_notices":[],"yoast_head":"<!-- This site is optimized with the Yoast SEO plugin v25.4 - https:\/\/yoast.com\/wordpress\/plugins\/seo\/ -->\n<title>Platja i piscina Camping Las Palmeras | C\u00e0mping Tarragona<\/title>\n<meta name=\"description\" content=\"Gaudeix de la Platja Llarga i de la piscina al C\u00e0mping Las Palmeras Tarragona. Un entorn ideal per relaxar-te i gaudir en fam\u00edlia.\" \/>\n<meta name=\"robots\" content=\"index, follow, max-snippet:-1, max-image-preview:large, max-video-preview:-1\" \/>\n<link rel=\"canonical\" href=\"https:\/\/www.laspalmeras.com\/ca\/platja-i-piscina\/\" \/>\n<meta property=\"og:locale\" content=\"ca_ES\" \/>\n<meta property=\"og:type\" content=\"article\" \/>\n<meta property=\"og:title\" content=\"Platja i piscina Camping Las Palmeras | C\u00e0mping Tarragona\" \/>\n<meta property=\"og:description\" content=\"Gaudeix de la Platja Llarga i de la piscina al C\u00e0mping Las Palmeras Tarragona. Un entorn ideal per relaxar-te i gaudir en fam\u00edlia.\" \/>\n<meta property=\"og:url\" content=\"https:\/\/www.laspalmeras.com\/ca\/platja-i-piscina\/\" \/>\n<meta property=\"og:site_name\" content=\"Camping Las Palmeras\" \/>\n<meta property=\"article:publisher\" content=\"https:\/\/www.facebook.com\/CampingBungalowLasPalmeras\/\" \/>\n<meta property=\"article:modified_time\" content=\"2026-03-04T09:56:26+00:00\" \/>\n<meta property=\"og:image\" content=\"https:\/\/www.laspalmeras.com\/wp-content\/uploads\/playa-llarga-00.webp\" \/>\n\t<meta property=\"og:image:width\" content=\"1920\" \/>\n\t<meta property=\"og:image:height\" content=\"1080\" \/>\n\t<meta property=\"og:image:type\" content=\"image\/webp\" \/>\n<meta name=\"twitter:card\" content=\"summary_large_image\" \/>\n<meta name=\"twitter:label1\" content=\"Temps estimat de lectura\" \/>\n\t<meta name=\"twitter:data1\" content=\"1 minut\" \/>\n<script type=\"application\/ld+json\" class=\"yoast-schema-graph\">{\"@context\":\"https:\/\/schema.org\",\"@graph\":[{\"@type\":\"WebPage\",\"@id\":\"https:\/\/www.laspalmeras.com\/ca\/platja-i-piscina\/\",\"url\":\"https:\/\/www.laspalmeras.com\/ca\/platja-i-piscina\/\",\"name\":\"Platja i piscina Camping Las Palmeras | C\u00e0mping Tarragona\",\"isPartOf\":{\"@id\":\"https:\/\/www.laspalmeras.com\/ca\/#website\"},\"primaryImageOfPage\":{\"@id\":\"https:\/\/www.laspalmeras.com\/ca\/platja-i-piscina\/#primaryimage\"},\"image\":{\"@id\":\"https:\/\/www.laspalmeras.com\/ca\/platja-i-piscina\/#primaryimage\"},\"thumbnailUrl\":\"https:\/\/www.laspalmeras.com\/wp-content\/uploads\/playa-llarga-00.webp\",\"datePublished\":\"2024-06-14T13:29:33+00:00\",\"dateModified\":\"2026-03-04T09:56:26+00:00\",\"description\":\"Gaudeix de la Platja Llarga i de la piscina al C\u00e0mping Las Palmeras Tarragona. Un entorn ideal per relaxar-te i gaudir en fam\u00edlia.\",\"breadcrumb\":{\"@id\":\"https:\/\/www.laspalmeras.com\/ca\/platja-i-piscina\/#breadcrumb\"},\"inLanguage\":\"ca\",\"potentialAction\":[{\"@type\":\"ReadAction\",\"target\":[\"https:\/\/www.laspalmeras.com\/ca\/platja-i-piscina\/\"]}]},{\"@type\":\"ImageObject\",\"inLanguage\":\"ca\",\"@id\":\"https:\/\/www.laspalmeras.com\/ca\/platja-i-piscina\/#primaryimage\",\"url\":\"https:\/\/www.laspalmeras.com\/wp-content\/uploads\/playa-llarga-00.webp\",\"contentUrl\":\"https:\/\/www.laspalmeras.com\/wp-content\/uploads\/playa-llarga-00.webp\"},{\"@type\":\"BreadcrumbList\",\"@id\":\"https:\/\/www.laspalmeras.com\/ca\/platja-i-piscina\/#breadcrumb\",\"itemListElement\":[{\"@type\":\"ListItem\",\"position\":1,\"name\":\"Portada\",\"item\":\"https:\/\/www.laspalmeras.com\/ca\/\"},{\"@type\":\"ListItem\",\"position\":2,\"name\":\"Platja i Piscina\"}]},{\"@type\":\"WebSite\",\"@id\":\"https:\/\/www.laspalmeras.com\/ca\/#website\",\"url\":\"https:\/\/www.laspalmeras.com\/ca\/\",\"name\":\"Camping Las Palmeras\",\"description\":\"Un c\u00e0mping familiar a Tarragona en plena Costa Daurada.\",\"publisher\":{\"@id\":\"https:\/\/www.laspalmeras.com\/ca\/#organization\"},\"potentialAction\":[{\"@type\":\"SearchAction\",\"target\":{\"@type\":\"EntryPoint\",\"urlTemplate\":\"https:\/\/www.laspalmeras.com\/ca\/?s={search_term_string}\"},\"query-input\":{\"@type\":\"PropertyValueSpecification\",\"valueRequired\":true,\"valueName\":\"search_term_string\"}}],\"inLanguage\":\"ca\"},{\"@type\":\"Organization\",\"@id\":\"https:\/\/www.laspalmeras.com\/ca\/#organization\",\"name\":\"Camping Las Palmeras\",\"alternateName\":\"Las Palmeras\",\"url\":\"https:\/\/www.laspalmeras.com\/ca\/\",\"logo\":{\"@type\":\"ImageObject\",\"inLanguage\":\"ca\",\"@id\":\"https:\/\/www.laspalmeras.com\/ca\/#\/schema\/logo\/image\/\",\"url\":\"https:\/\/www.laspalmeras.com\/wp-content\/uploads\/logo-palmeras.svg\",\"contentUrl\":\"https:\/\/www.laspalmeras.com\/wp-content\/uploads\/logo-palmeras.svg\",\"width\":200,\"height\":102,\"caption\":\"Camping Las Palmeras\"},\"image\":{\"@id\":\"https:\/\/www.laspalmeras.com\/ca\/#\/schema\/logo\/image\/\"},\"sameAs\":[\"https:\/\/www.facebook.com\/CampingBungalowLasPalmeras\/\",\"https:\/\/www.instagram.com\/las_palmeras_cyb\/\"]}]}<\/script>\n<!-- \/ Yoast SEO plugin. -->","yoast_head_json":{"title":"Platja i piscina Camping Las Palmeras | C\u00e0mping Tarragona","description":"Gaudeix de la Platja Llarga i de la piscina al C\u00e0mping Las Palmeras Tarragona. Un entorn ideal per relaxar-te i gaudir en fam\u00edlia.","robots":{"index":"index","follow":"follow","max-snippet":"max-snippet:-1","max-image-preview":"max-image-preview:large","max-video-preview":"max-video-preview:-1"},"canonical":"https:\/\/www.laspalmeras.com\/ca\/platja-i-piscina\/","og_locale":"ca_ES","og_type":"article","og_title":"Platja i piscina Camping Las Palmeras | C\u00e0mping Tarragona","og_description":"Gaudeix de la Platja Llarga i de la piscina al C\u00e0mping Las Palmeras Tarragona. Un entorn ideal per relaxar-te i gaudir en fam\u00edlia.","og_url":"https:\/\/www.laspalmeras.com\/ca\/platja-i-piscina\/","og_site_name":"Camping Las Palmeras","article_publisher":"https:\/\/www.facebook.com\/CampingBungalowLasPalmeras\/","article_modified_time":"2026-03-04T09:56:26+00:00","og_image":[{"width":1920,"height":1080,"url":"https:\/\/www.laspalmeras.com\/wp-content\/uploads\/playa-llarga-00.webp","type":"image\/webp"}],"twitter_card":"summary_large_image","twitter_misc":{"Temps estimat de lectura":"1 minut"},"schema":{"@context":"https:\/\/schema.org","@graph":[{"@type":"WebPage","@id":"https:\/\/www.laspalmeras.com\/ca\/platja-i-piscina\/","url":"https:\/\/www.laspalmeras.com\/ca\/platja-i-piscina\/","name":"Platja i piscina Camping Las Palmeras | C\u00e0mping Tarragona","isPartOf":{"@id":"https:\/\/www.laspalmeras.com\/ca\/#website"},"primaryImageOfPage":{"@id":"https:\/\/www.laspalmeras.com\/ca\/platja-i-piscina\/#primaryimage"},"image":{"@id":"https:\/\/www.laspalmeras.com\/ca\/platja-i-piscina\/#primaryimage"},"thumbnailUrl":"https:\/\/www.laspalmeras.com\/wp-content\/uploads\/playa-llarga-00.webp","datePublished":"2024-06-14T13:29:33+00:00","dateModified":"2026-03-04T09:56:26+00:00","description":"Gaudeix de la Platja Llarga i de la piscina al C\u00e0mping Las Palmeras Tarragona. Un entorn ideal per relaxar-te i gaudir en fam\u00edlia.","breadcrumb":{"@id":"https:\/\/www.laspalmeras.com\/ca\/platja-i-piscina\/#breadcrumb"},"inLanguage":"ca","potentialAction":[{"@type":"ReadAction","target":["https:\/\/www.laspalmeras.com\/ca\/platja-i-piscina\/"]}]},{"@type":"ImageObject","inLanguage":"ca","@id":"https:\/\/www.laspalmeras.com\/ca\/platja-i-piscina\/#primaryimage","url":"https:\/\/www.laspalmeras.com\/wp-content\/uploads\/playa-llarga-00.webp","contentUrl":"https:\/\/www.laspalmeras.com\/wp-content\/uploads\/playa-llarga-00.webp"},{"@type":"BreadcrumbList","@id":"https:\/\/www.laspalmeras.com\/ca\/platja-i-piscina\/#breadcrumb","itemListElement":[{"@type":"ListItem","position":1,"name":"Portada","item":"https:\/\/www.laspalmeras.com\/ca\/"},{"@type":"ListItem","position":2,"name":"Platja i Piscina"}]},{"@type":"WebSite","@id":"https:\/\/www.laspalmeras.com\/ca\/#website","url":"https:\/\/www.laspalmeras.com\/ca\/","name":"Camping Las Palmeras","description":"Un c\u00e0mping familiar a Tarragona en plena Costa Daurada.","publisher":{"@id":"https:\/\/www.laspalmeras.com\/ca\/#organization"},"potentialAction":[{"@type":"SearchAction","target":{"@type":"EntryPoint","urlTemplate":"https:\/\/www.laspalmeras.com\/ca\/?s={search_term_string}"},"query-input":{"@type":"PropertyValueSpecification","valueRequired":true,"valueName":"search_term_string"}}],"inLanguage":"ca"},{"@type":"Organization","@id":"https:\/\/www.laspalmeras.com\/ca\/#organization","name":"Camping Las Palmeras","alternateName":"Las Palmeras","url":"https:\/\/www.laspalmeras.com\/ca\/","logo":{"@type":"ImageObject","inLanguage":"ca","@id":"https:\/\/www.laspalmeras.com\/ca\/#\/schema\/logo\/image\/","url":"https:\/\/www.laspalmeras.com\/wp-content\/uploads\/logo-palmeras.svg","contentUrl":"https:\/\/www.laspalmeras.com\/wp-content\/uploads\/logo-palmeras.svg","width":200,"height":102,"caption":"Camping Las Palmeras"},"image":{"@id":"https:\/\/www.laspalmeras.com\/ca\/#\/schema\/logo\/image\/"},"sameAs":["https:\/\/www.facebook.com\/CampingBungalowLasPalmeras\/","https:\/\/www.instagram.com\/las_palmeras_cyb\/"]}]}},"_links":{"self":[{"href":"https:\/\/www.laspalmeras.com\/ca\/wp-json\/wp\/v2\/pages\/36872","targetHints":{"allow":["GET"]}}],"collection":[{"href":"https:\/\/www.laspalmeras.com\/ca\/wp-json\/wp\/v2\/pages"}],"about":[{"href":"https:\/\/www.laspalmeras.com\/ca\/wp-json\/wp\/v2\/types\/page"}],"author":[{"embeddable":true,"href":"https:\/\/www.laspalmeras.com\/ca\/wp-json\/wp\/v2\/users\/4"}],"replies":[{"embeddable":true,"href":"https:\/\/www.laspalmeras.com\/ca\/wp-json\/wp\/v2\/comments?post=36872"}],"version-history":[{"count":6,"href":"https:\/\/www.laspalmeras.com\/ca\/wp-json\/wp\/v2\/pages\/36872\/revisions"}],"predecessor-version":[{"id":40524,"href":"https:\/\/www.laspalmeras.com\/ca\/wp-json\/wp\/v2\/pages\/36872\/revisions\/40524"}],"wp:attachment":[{"href":"https:\/\/www.laspalmeras.com\/ca\/wp-json\/wp\/v2\/media?parent=36872"}],"curies":[{"name":"wp","href":"https:\/\/api.w.org\/{rel}","templated":true}]}}