{"id":23678,"date":"2022-04-11T12:46:18","date_gmt":"2022-04-11T10:46:18","guid":{"rendered":"https:\/\/2022.laspalmeras.com\/contacte\/"},"modified":"2026-02-26T12:49:56","modified_gmt":"2026-02-26T11:49:56","slug":"contacte","status":"publish","type":"page","link":"https:\/\/www.laspalmeras.com\/ca\/contacte\/","title":{"rendered":"Contacte"},"content":{"rendered":"\n<div class=\"wp-block-group alignfull header-group is-style-wave-bottom-white has-blank-white-color has-blank-green-2-background-color has-text-color has-background is-layout-constrained wp-block-group-is-layout-constrained\" style=\"padding-bottom:5vw\">\n<h1 class=\"wp-block-heading has-text-align-center has-blank-white-color has-text-color\">Contacte Camping Las Palmeras<\/h1>\n\n\n\n<p class=\"has-text-align-center has-text-22-font-size\">Si vols posar-te en contacte amb el Camping Las Palmeras, ets al lloc adequat. El nostre equip est\u00e0 disponible per resoldre tots els teus dubtes sobre reserves, serveis, activitats i molt m\u00e9s. En aquesta p\u00e0gina trobar\u00e0s tota la informaci\u00f3 necess\u00e0ria per comunicar-te amb nosaltres de manera r\u00e0pida i senzilla.<\/p>\n\n\n\n<p class=\"has-text-align-center has-text-22-font-size\"><strong>Com contactar amb Camping Las Palmeras?<\/strong><\/p>\n\n\n\n<p class=\"has-text-align-center has-text-22-font-size\">Pots enviar-nos un missatge a trav\u00e9s del formulari de contacte, escriure&#8217;ns al correu electr\u00f2nic laspalmeras@laspalmeras.com o trucar-nos al tel\u00e8fon +34 977 208 081.<\/p>\n\n\n\n<div class=\"wp-block-group has-border-color has-blank-yellow-border-color has-blank-green-2-background-color has-background is-layout-flow wp-block-group-is-layout-flow\" style=\"border-style:solid;border-width:1px;border-radius:12px\">\n<figure class=\"wp-block-image aligncenter size-full is-resized is-style-no-margin wp-duotone-f2bd42-rgba25525525501-1\"><img loading=\"lazy\" decoding=\"async\" width=\"34\" height=\"34\" src=\"https:\/\/www.laspalmeras.com\/wp-content\/uploads\/ico-contact.svg\" alt=\"\" class=\"wp-image-19717\" style=\"width:44px;height:44px\"\/><\/figure>\n\n\n\n<p class=\"has-text-align-center has-text-22-font-size\"><strong>Ubicaci\u00f3 i com arribar-hi<\/strong><\/p>\n\n\n\n<p class=\"has-text-align-center has-text-22-font-size\">El Camping Las Palmeras es troba en una ubicaci\u00f3 privilegiada a Tarragona, en plena Costa Daurada. Consulta la nostra p\u00e0gina de &#8220;com arribar-hi&#8221; per obtenir indicacions detallades i planificar la teva visita f\u00e0cilment.<\/p>\n<\/div>\n\n\n\n<div class=\"wp-block-buttons is-content-justification-center is-layout-flex wp-container-core-buttons-is-layout-a89b3969 wp-block-buttons-is-layout-flex\">\n<div class=\"wp-block-button\"><a class=\"wp-block-button__link has-blank-white-color has-blank-black-background-color has-text-color has-background wp-element-button\" href=\"https:\/\/g.page\/CampingLasPalmerasTGN?share\" target=\"_blank\" rel=\"noreferrer noopener\">Com arribar-hi<\/a><\/div>\n<\/div>\n\n\n\n<p class=\"has-text-align-center has-text-22-font-size\">Ctra. N-340, km 1168,5 Tarragona \u2013 Costa Daurada (Espanya)<\/p>\n\n\n\n<p class=\"has-text-align-center has-text-22-font-size\">41\u00b007&#8217;49.0&#8243;N 1\u00b018&#8217;43.0&#8243;E<\/p>\n<\/div>\n\n\n\n<div class=\"wp-block-group alignwide is-content-justification-space-between is-layout-flex wp-container-core-group-is-layout-6c756ad3 wp-block-group-is-layout-flex\">\n<div class=\"wp-block-group is-layout-flow wp-container-core-group-is-layout-47e5a185 wp-block-group-is-layout-flow\">\n<h4 class=\"wp-block-heading\" style=\"margin-top:0px;margin-right:0px;margin-bottom:0px;margin-left:0px\">Per a qualsevol consulta, ompliu el formulari.<\/h4>\n\n\n\n<p class=\"has-blank-green-4-color has-text-color has-text-22-font-size\">Us respondrem el m\u00e9s aviat possible. Gr\u00e0cies per contactar amb nosaltres.<\/p>\n<\/div>\n\n\n\n<p class=\"has-blank-summer-color has-text-color has-text-14-font-size\">*Camps obligatoris<\/p>\n<\/div>\n\n\n\n<div class=\"wp-block-group alignwide is-layout-flow wp-block-group-is-layout-flow\">\n<div class=\"wp-block-contact-form-7-contact-form-selector\">\n<div class=\"wpcf7 no-js\" id=\"wpcf7-f18631-o1\" lang=\"ca\" dir=\"ltr\" data-wpcf7-id=\"18631\">\n<div class=\"screen-reader-response\"><p role=\"status\" aria-live=\"polite\" aria-atomic=\"true\"><\/p> <ul><\/ul><\/div>\n<form action=\"\/ca\/wp-json\/wp\/v2\/pages\/23678#wpcf7-f18631-o1\" method=\"post\" class=\"wpcf7-form init\" aria-label=\"Formulari de contacte\" novalidate=\"novalidate\" data-status=\"init\">\n<fieldset class=\"hidden-fields-container\"><input type=\"hidden\" name=\"_wpcf7\" value=\"18631\" \/><input type=\"hidden\" name=\"_wpcf7_version\" value=\"6.1\" \/><input type=\"hidden\" name=\"_wpcf7_locale\" value=\"ca\" \/><input type=\"hidden\" name=\"_wpcf7_unit_tag\" value=\"wpcf7-f18631-o1\" \/><input type=\"hidden\" name=\"_wpcf7_container_post\" value=\"0\" \/><input type=\"hidden\" name=\"_wpcf7_posted_data_hash\" value=\"\" \/>\n<\/fieldset>\n<div class=\"form-columns\">\n\t<div class=\"columna-1-2\">\n\t\t<p><label for=\"cont-nombre\"><span class=\"wpcf7-form-control-wrap\" data-name=\"cont-nombre\"><input size=\"40\" maxlength=\"400\" class=\"wpcf7-form-control wpcf7-text wpcf7-validates-as-required contact-line\" aria-required=\"true\" aria-invalid=\"false\" placeholder=\"Nom i cognom*\" value=\"\" type=\"text\" name=\"cont-nombre\" \/><\/span><\/label>\n\t\t<\/p>\n\t<\/div>\n\t<div class=\"columna-1-2\">\n\t\t<p><label for=\"cont-email\"><span class=\"wpcf7-form-control-wrap\" data-name=\"cont-email\"><input size=\"40\" maxlength=\"400\" class=\"wpcf7-form-control wpcf7-email wpcf7-validates-as-required wpcf7-text wpcf7-validates-as-email contact-line\" aria-required=\"true\" aria-invalid=\"false\" placeholder=\"Correu electr\u00f2nic*\" value=\"\" type=\"email\" name=\"cont-email\" \/><\/span><\/label>\n\t\t<\/p>\n\t<\/div>\n\t<div class=\"columna-1-2\">\n\t\t<p><label for=\"cont-telefono\"><span class=\"wpcf7-form-control-wrap\" data-name=\"cont-telefono\"><input size=\"40\" maxlength=\"400\" class=\"wpcf7-form-control wpcf7-text contact-line\" aria-invalid=\"false\" placeholder=\"Tel\u00e8fon*\" value=\"\" type=\"text\" name=\"cont-telefono\" \/><\/span><\/label>\n\t\t<\/p>\n\t<\/div>\n\t<div class=\"columna-1-2\">\n\t\t<p><label for=\"cont-motivo\"><span class=\"wpcf7-form-control-wrap\" data-name=\"cont-motivo\"><input size=\"40\" maxlength=\"400\" class=\"wpcf7-form-control wpcf7-text contact-line\" aria-invalid=\"false\" placeholder=\"Motiu de consulta*\" value=\"\" type=\"text\" name=\"cont-motivo\" \/><\/span><\/label>\n\t\t<\/p>\n\t<\/div>\n\t<div class=\"columna col1-2\">\n\t\t<p><label for=\"cont-consulta\"><\/label><span class=\"wpcf7-form-control-wrap\" data-name=\"cont-consulta\"><textarea cols=\"40\" rows=\"10\" maxlength=\"2000\" class=\"wpcf7-form-control wpcf7-textarea contact-line\" aria-invalid=\"false\" placeholder=\"Comentaris\" name=\"cont-consulta\"><\/textarea><\/span>\n\t\t<\/p>\n\t<\/div>\n\t<p><span class=\"wpcf7-form-control-wrap\" data-name=\"privacy\"><span class=\"wpcf7-form-control wpcf7-acceptance\"><span class=\"wpcf7-list-item\"><label><input type=\"checkbox\" name=\"privacy\" value=\"1\" aria-invalid=\"false\" \/><span class=\"wpcf7-list-item-label\">He llegit i accepto <a href=\"https:\/\/www.laspalmeras.com\/wp-content\/uploads\/03-informacio-basica-pd-formulari-1-contacte-cat-agrocamping-sl-ver-2.pdf\" target=\"_blank\" >la cl\u00e0usula d'informaci\u00f3 sobre Protecci\u00f3 de dades<\/a>.<\/span><\/label><\/span><\/span><\/span><span class=\"wpcf7-form-control-wrap\" data-name=\"auth\"><span class=\"wpcf7-form-control wpcf7-acceptance\"><span class=\"wpcf7-list-item\"><label><input type=\"checkbox\" name=\"auth\" value=\"1\" aria-invalid=\"false\" \/><span class=\"wpcf7-list-item-label\">Autoritzo el tractament de les meves dades per a poder rebre informaci\u00f3 per mitjans electr\u00f2nics.<\/span><\/label><\/span><\/span><\/span>\n\t<\/p>\n\t<div class=\"column-button\">\n\t\t<p><input class=\"wpcf7-form-control wpcf7-submit has-spinner\" type=\"submit\" value=\"Enviar consulta\" \/>\n\t\t<\/p>\n\t<\/div>\n<\/div><div class=\"wpcf7-response-output\" aria-hidden=\"true\"><\/div>\n<\/form>\n<\/div>\n<\/div>\n<\/div>\n\n\n\n<div class=\"wp-block-group alignfull is-style-no-margin has-black-transparent-beige-gradient-background has-background is-layout-constrained wp-block-group-is-layout-constrained\">\n<iframe src=\"https:\/\/www.google.com\/maps\/embed?pb=!1m18!1m12!1m3!1d3005.191126261659!2d1.315764015557729!3d41.130353479288544!2m3!1f0!2f0!3f0!3m2!1i1024!2i768!4f13.1!3m3!1m2!1s0x12a3fb2253abe4e9%3A0x36843ddb38b9075a!2sLas%20Palmeras%20Camping%20%26%20Bungalow%20Hotel!5e0!3m2!1sca!2ses!4v1652106531019!5m2!1sca!2ses\" width=\"100%\" height=\"440\" style=\"border:0;\" allowfullscreen=\"\" loading=\"lazy\" referrerpolicy=\"no-referrer-when-downgrade\" class=\"alignwide\"><\/iframe>\n<\/div>\n\n\n\n<div class=\"wp-block-group alignfull is-style-no-margin reviews-group has-blank-beige-background-color has-background is-layout-constrained wp-container-core-group-is-layout-41693b0f wp-block-group-is-layout-constrained\" style=\"padding-top:6vw;padding-right:0vw;padding-bottom:6vw;padding-left:0vw\">\n<figure class=\"wp-block-image aligncenter size-large\"><img loading=\"lazy\" decoding=\"async\" width=\"143\" height=\"37\" src=\"https:\/\/www.laspalmeras.com\/wp-content\/uploads\/stars-title.svg\" alt=\"\" class=\"wp-image-19033\"\/><\/figure>\n\n\n\n<h4 class=\"alignwide has-text-align-center animation--init has-h-1-font-size wp-block-heading\" style=\"margin-bottom:4vw\">Les vostres opinions ens fan millorar perqu\u00e8 cada any la vostra experi\u00e8ncia sigui millor.<\/h4>\n\n\n\n<div id=\"block-reviews-block_17902dc80866c633d4f60d52a6b0c5e3\" class=\"block-reviews alignfull review-columns column-1\" style=\"\">\n    <div class=\"reviews-wrapper splide\">\n        <div class=\"splide__track\">\n            <div class=\"splide__list\">\n\n    \n<div class=\"item-review splide__slide\">\n    <div class=\"content-review\">\n<figure class=\"wp-block-image review-stars\"><img loading=\"lazy\" decoding=\"async\" width=\"107\" height=\"19\" src=\"https:\/\/www.laspalmeras.com\/wp-content\/uploads\/5-stars.svg\" alt=\"\" class=\"wp-image-18988\"\/><\/figure>\n\n\n\n<p>\u00c9s un c\u00e0mping on s&#8217;est\u00e0 molt b\u00e9. Venim sovint ja que ens agrada molt. Est\u00e0 a dues pases de la platja, tenen lavabos adaptats per a nens petitons i un parc amb una estructura de joc gran i segura. Molt recomanable per fam\u00edlies!<\/p>\n\n\n\n<p class=\"review-link has-link-color has-text-14-font-size wp-elements-8e30ccb5299ec8c4febd4db18df505dd\">Google Review<\/p>\n<\/div>\n<\/div>\n\n<div class=\"item-review splide__slide\">\n    <div class=\"content-review\">\n<figure class=\"wp-block-image size-large review-stars\"><img loading=\"lazy\" decoding=\"async\" width=\"107\" height=\"19\" src=\"https:\/\/www.laspalmeras.com\/wp-content\/uploads\/4-stars.svg\" alt=\"\" class=\"wp-image-21521\"\/><\/figure>\n\n\n\n<p>Ben situat. Molt pla. Ideal per nens. Molts serveis i tot molt nou.<\/p>\n\n\n\n<p class=\"review-link has-link-color has-text-14-font-size\">Google Review<\/p>\n<\/div>\n<\/div>\n\n<div class=\"item-review splide__slide\">\n    <div class=\"content-review\">\n<figure class=\"wp-block-image review-stars\"><img loading=\"lazy\" decoding=\"async\" width=\"107\" height=\"19\" src=\"https:\/\/www.laspalmeras.com\/wp-content\/uploads\/5-stars.svg\" alt=\"\" class=\"wp-image-18988\"\/><\/figure>\n\n\n\n<p>Una estada perfecta. Per anar amb fam\u00edlia i nens molt recomanable. Els bungalows for\u00e7a nets i c\u00f2modes. C\u00e0mping molt pla, ideal per anar en bici a tot arreu. Acc\u00e9s a la platja perfecte.<\/p>\n\n\n\n<p class=\"review-link has-link-color has-text-14-font-size wp-elements-8e30ccb5299ec8c4febd4db18df505dd\">Google Review<\/p>\n<\/div>\n<\/div>\n\n<div class=\"item-review splide__slide\">\n    <div class=\"content-review\">\n<figure class=\"wp-block-image size-large review-stars\"><img loading=\"lazy\" decoding=\"async\" width=\"107\" height=\"19\" src=\"https:\/\/www.laspalmeras.com\/wp-content\/uploads\/4-stars.svg\" alt=\"\" class=\"wp-image-21521\"\/><\/figure>\n\n\n\n<p>Situaci\u00f3 ideal per visitar Tarragona i les seves platges. Bons serveis.<\/p>\n\n\n\n<p class=\"review-link has-link-color has-text-14-font-size wp-elements-8e30ccb5299ec8c4febd4db18df505dd\">Google Review<\/p>\n<\/div>\n<\/div>\n\n<div class=\"item-review splide__slide\">\n    <div class=\"content-review\">\n<figure class=\"wp-block-image review-stars\"><img loading=\"lazy\" decoding=\"async\" width=\"107\" height=\"19\" src=\"https:\/\/www.laspalmeras.com\/wp-content\/uploads\/5-stars.svg\" alt=\"\" class=\"wp-image-18988\"\/><\/figure>\n\n\n\n<p>Un bon lloc per desconnectar!<\/p>\n\n\n\n<p class=\"review-link has-link-color has-text-14-font-size wp-elements-8e30ccb5299ec8c4febd4db18df505dd\">Google Review<\/p>\n<\/div>\n<\/div>\n\n<div class=\"item-review splide__slide\">\n    <div class=\"content-review\">\n<figure class=\"wp-block-image review-stars\"><img loading=\"lazy\" decoding=\"async\" width=\"107\" height=\"19\" src=\"https:\/\/www.laspalmeras.com\/wp-content\/uploads\/5-stars.svg\" alt=\"\" class=\"wp-image-18988\"\/><\/figure>\n\n\n\n<p>El millor camping que hi ha.<\/p>\n\n\n\n<p class=\"review-link has-link-color has-text-14-font-size\">Google Review<\/p>\n<\/div>\n<\/div>\n\n<div class=\"item-review splide__slide\">\n    <div class=\"content-review\">\n<figure class=\"wp-block-image review-stars\"><img loading=\"lazy\" decoding=\"async\" width=\"107\" height=\"19\" src=\"https:\/\/www.laspalmeras.com\/wp-content\/uploads\/5-stars.svg\" alt=\"\" class=\"wp-image-18988\"\/><\/figure>\n\n\n\n<p>Un bon lloc per desconnectar. Sortida directa a la platja.<\/p>\n\n\n\n<p class=\"review-link has-link-color has-text-14-font-size\">Google Review<\/p>\n<\/div>\n<\/div>\n\n<div class=\"item-review splide__slide\">\n    <div class=\"content-review\">\n<figure class=\"wp-block-image review-stars\"><img loading=\"lazy\" decoding=\"async\" width=\"107\" height=\"19\" src=\"https:\/\/www.laspalmeras.com\/wp-content\/uploads\/5-stars.svg\" alt=\"\" class=\"wp-image-18988\"\/><\/figure>\n\n\n\n<p>Hem estat en parcel\u00b7la amb camper. Molt ben cuidat. Molt bona atenci\u00f3.<\/p>\n\n\n\n<p class=\"review-link has-link-color has-text-14-font-size\">Google Review<\/p>\n<\/div>\n<\/div>\n\n<div class=\"item-review splide__slide\">\n    <div class=\"content-review\">\n<figure class=\"wp-block-image size-large review-stars\"><img loading=\"lazy\" decoding=\"async\" width=\"107\" height=\"19\" src=\"https:\/\/www.laspalmeras.com\/wp-content\/uploads\/4-stars.svg\" alt=\"\" class=\"wp-image-21521\"\/><\/figure>\n\n\n\n<p>Molt acollidor i net. La ubicaci\u00f3 ideal per passejar per la platja. No li falta detall.<\/p>\n\n\n\n<p class=\"review-link has-link-color has-text-14-font-size\">Google Review<\/p>\n<\/div>\n<\/div>\n            <\/div>\n        <\/div>\n    <\/div>\n\n<\/div>\n\n    <script>\n        const reviewsSlider = new Splide( '#block-reviews-block_17902dc80866c633d4f60d52a6b0c5e3 .reviews-wrapper', \n                {\n                    type: 'loop',\n                    gap: '50px',\n                    pagination: false,\n                    arrows: false,\n                    focus    : 'center',\n                    autoWidth: true\n                } \n                ).mount();\n\n                if (!!window.IntersectionObserver) {\n                const sectionReviews = document.querySelector('.reviews-wrapper');\n                const revealSection = function (entries, observer) {\n\n                    entries.forEach(entry => {   \n                        if (!entry.isIntersecting) return;\n                        reviewsSlider.go('+${1}');\n                    })\n\n                }\n\n                const sectionObserver = new IntersectionObserver(revealSection,\n                    {\n                        root: null,\n                        threshold: 0.3\n                    });\n\n                sectionObserver.observe(sectionReviews);\n\n            }\n    <\/script>\n<\/div>\n","protected":false},"excerpt":{"rendered":"<p>Contacte Camping Las Palmeras Si vols posar-te en contacte amb el Camping Las Palmeras, ets al lloc adequat. El nostre equip est\u00e0 disponible per resoldre&#8230;<\/p>\n","protected":false},"author":4,"featured_media":0,"parent":0,"menu_order":7,"comment_status":"closed","ping_status":"closed","template":"","meta":{"_acf_changed":false,"om_disable_all_campaigns":false,"inline_featured_image":false,"_monsterinsights_skip_tracking":false,"_monsterinsights_sitenote_active":false,"_monsterinsights_sitenote_note":"","_monsterinsights_sitenote_category":0,"_uf_show_specific_survey":0,"_uf_disable_surveys":false,"footnotes":""},"class_list":["post-23678","page","type-page","status-publish","hentry"],"acf":[],"aioseo_notices":[],"yoast_head":"<!-- This site is optimized with the Yoast SEO plugin v25.4 - https:\/\/yoast.com\/wordpress\/plugins\/seo\/ -->\n<title>Contacte Camping Las Palmeras | C\u00e0mping Tarragona<\/title>\n<meta name=\"description\" content=\"P\u00e0gina de contacte del C\u00e0mping Las Palmeras Tarragona: adre\u00e7a i formulari perqu\u00e8 et puguis comunicar f\u00e0cilment amb nosaltres.\" \/>\n<meta name=\"robots\" content=\"index, follow, max-snippet:-1, max-image-preview:large, max-video-preview:-1\" \/>\n<link rel=\"canonical\" href=\"https:\/\/www.laspalmeras.com\/ca\/contacte\/\" \/>\n<meta property=\"og:locale\" content=\"ca_ES\" \/>\n<meta property=\"og:type\" content=\"article\" \/>\n<meta property=\"og:title\" content=\"Contacte Camping Las Palmeras | C\u00e0mping Tarragona\" \/>\n<meta property=\"og:description\" content=\"P\u00e0gina de contacte del C\u00e0mping Las Palmeras Tarragona: adre\u00e7a i formulari perqu\u00e8 et puguis comunicar f\u00e0cilment amb nosaltres.\" \/>\n<meta property=\"og:url\" content=\"https:\/\/www.laspalmeras.com\/ca\/contacte\/\" \/>\n<meta property=\"og:site_name\" content=\"Camping Las Palmeras\" \/>\n<meta property=\"article:publisher\" content=\"https:\/\/www.facebook.com\/CampingBungalowLasPalmeras\/\" \/>\n<meta property=\"article:modified_time\" content=\"2026-02-26T11:49:56+00:00\" \/>\n<meta property=\"og:image\" content=\"https:\/\/www.laspalmeras.com\/wp-content\/uploads\/2022-camping-las-palmeras00014-1.jpg\" \/>\n\t<meta property=\"og:image:width\" content=\"1250\" \/>\n\t<meta property=\"og:image:height\" content=\"703\" \/>\n\t<meta property=\"og:image:type\" content=\"image\/jpeg\" \/>\n<meta name=\"twitter:card\" content=\"summary_large_image\" \/>\n<meta name=\"twitter:label1\" content=\"Temps estimat de lectura\" \/>\n\t<meta name=\"twitter:data1\" content=\"1 minut\" \/>\n<script type=\"application\/ld+json\" class=\"yoast-schema-graph\">{\"@context\":\"https:\/\/schema.org\",\"@graph\":[{\"@type\":\"WebPage\",\"@id\":\"https:\/\/www.laspalmeras.com\/ca\/contacte\/\",\"url\":\"https:\/\/www.laspalmeras.com\/ca\/contacte\/\",\"name\":\"Contacte Camping Las Palmeras | C\u00e0mping Tarragona\",\"isPartOf\":{\"@id\":\"https:\/\/www.laspalmeras.com\/ca\/#website\"},\"primaryImageOfPage\":{\"@id\":\"https:\/\/www.laspalmeras.com\/ca\/contacte\/#primaryimage\"},\"image\":{\"@id\":\"https:\/\/www.laspalmeras.com\/ca\/contacte\/#primaryimage\"},\"thumbnailUrl\":\"https:\/\/www.laspalmeras.com\/wp-content\/uploads\/ico-contact.svg\",\"datePublished\":\"2022-04-11T10:46:18+00:00\",\"dateModified\":\"2026-02-26T11:49:56+00:00\",\"description\":\"P\u00e0gina de contacte del C\u00e0mping Las Palmeras Tarragona: adre\u00e7a i formulari perqu\u00e8 et puguis comunicar f\u00e0cilment amb nosaltres.\",\"breadcrumb\":{\"@id\":\"https:\/\/www.laspalmeras.com\/ca\/contacte\/#breadcrumb\"},\"inLanguage\":\"ca\",\"potentialAction\":[{\"@type\":\"ReadAction\",\"target\":[\"https:\/\/www.laspalmeras.com\/ca\/contacte\/\"]}]},{\"@type\":\"ImageObject\",\"inLanguage\":\"ca\",\"@id\":\"https:\/\/www.laspalmeras.com\/ca\/contacte\/#primaryimage\",\"url\":\"https:\/\/www.laspalmeras.com\/wp-content\/uploads\/ico-contact.svg\",\"contentUrl\":\"https:\/\/www.laspalmeras.com\/wp-content\/uploads\/ico-contact.svg\"},{\"@type\":\"BreadcrumbList\",\"@id\":\"https:\/\/www.laspalmeras.com\/ca\/contacte\/#breadcrumb\",\"itemListElement\":[{\"@type\":\"ListItem\",\"position\":1,\"name\":\"Portada\",\"item\":\"https:\/\/www.laspalmeras.com\/ca\/\"},{\"@type\":\"ListItem\",\"position\":2,\"name\":\"Contacte\"}]},{\"@type\":\"WebSite\",\"@id\":\"https:\/\/www.laspalmeras.com\/ca\/#website\",\"url\":\"https:\/\/www.laspalmeras.com\/ca\/\",\"name\":\"Camping Las Palmeras\",\"description\":\"Un c\u00e0mping familiar a Tarragona en plena Costa Daurada.\",\"publisher\":{\"@id\":\"https:\/\/www.laspalmeras.com\/ca\/#organization\"},\"potentialAction\":[{\"@type\":\"SearchAction\",\"target\":{\"@type\":\"EntryPoint\",\"urlTemplate\":\"https:\/\/www.laspalmeras.com\/ca\/?s={search_term_string}\"},\"query-input\":{\"@type\":\"PropertyValueSpecification\",\"valueRequired\":true,\"valueName\":\"search_term_string\"}}],\"inLanguage\":\"ca\"},{\"@type\":\"Organization\",\"@id\":\"https:\/\/www.laspalmeras.com\/ca\/#organization\",\"name\":\"Camping Las Palmeras\",\"alternateName\":\"Las Palmeras\",\"url\":\"https:\/\/www.laspalmeras.com\/ca\/\",\"logo\":{\"@type\":\"ImageObject\",\"inLanguage\":\"ca\",\"@id\":\"https:\/\/www.laspalmeras.com\/ca\/#\/schema\/logo\/image\/\",\"url\":\"https:\/\/www.laspalmeras.com\/wp-content\/uploads\/logo-palmeras.svg\",\"contentUrl\":\"https:\/\/www.laspalmeras.com\/wp-content\/uploads\/logo-palmeras.svg\",\"width\":200,\"height\":102,\"caption\":\"Camping Las Palmeras\"},\"image\":{\"@id\":\"https:\/\/www.laspalmeras.com\/ca\/#\/schema\/logo\/image\/\"},\"sameAs\":[\"https:\/\/www.facebook.com\/CampingBungalowLasPalmeras\/\",\"https:\/\/www.instagram.com\/las_palmeras_cyb\/\"]}]}<\/script>\n<!-- \/ Yoast SEO plugin. -->","yoast_head_json":{"title":"Contacte Camping Las Palmeras | C\u00e0mping Tarragona","description":"P\u00e0gina de contacte del C\u00e0mping Las Palmeras Tarragona: adre\u00e7a i formulari perqu\u00e8 et puguis comunicar f\u00e0cilment amb nosaltres.","robots":{"index":"index","follow":"follow","max-snippet":"max-snippet:-1","max-image-preview":"max-image-preview:large","max-video-preview":"max-video-preview:-1"},"canonical":"https:\/\/www.laspalmeras.com\/ca\/contacte\/","og_locale":"ca_ES","og_type":"article","og_title":"Contacte Camping Las Palmeras | C\u00e0mping Tarragona","og_description":"P\u00e0gina de contacte del C\u00e0mping Las Palmeras Tarragona: adre\u00e7a i formulari perqu\u00e8 et puguis comunicar f\u00e0cilment amb nosaltres.","og_url":"https:\/\/www.laspalmeras.com\/ca\/contacte\/","og_site_name":"Camping Las Palmeras","article_publisher":"https:\/\/www.facebook.com\/CampingBungalowLasPalmeras\/","article_modified_time":"2026-02-26T11:49:56+00:00","og_image":[{"width":1250,"height":703,"url":"https:\/\/www.laspalmeras.com\/wp-content\/uploads\/2022-camping-las-palmeras00014-1.jpg","type":"image\/jpeg"}],"twitter_card":"summary_large_image","twitter_misc":{"Temps estimat de lectura":"1 minut"},"schema":{"@context":"https:\/\/schema.org","@graph":[{"@type":"WebPage","@id":"https:\/\/www.laspalmeras.com\/ca\/contacte\/","url":"https:\/\/www.laspalmeras.com\/ca\/contacte\/","name":"Contacte Camping Las Palmeras | C\u00e0mping Tarragona","isPartOf":{"@id":"https:\/\/www.laspalmeras.com\/ca\/#website"},"primaryImageOfPage":{"@id":"https:\/\/www.laspalmeras.com\/ca\/contacte\/#primaryimage"},"image":{"@id":"https:\/\/www.laspalmeras.com\/ca\/contacte\/#primaryimage"},"thumbnailUrl":"https:\/\/www.laspalmeras.com\/wp-content\/uploads\/ico-contact.svg","datePublished":"2022-04-11T10:46:18+00:00","dateModified":"2026-02-26T11:49:56+00:00","description":"P\u00e0gina de contacte del C\u00e0mping Las Palmeras Tarragona: adre\u00e7a i formulari perqu\u00e8 et puguis comunicar f\u00e0cilment amb nosaltres.","breadcrumb":{"@id":"https:\/\/www.laspalmeras.com\/ca\/contacte\/#breadcrumb"},"inLanguage":"ca","potentialAction":[{"@type":"ReadAction","target":["https:\/\/www.laspalmeras.com\/ca\/contacte\/"]}]},{"@type":"ImageObject","inLanguage":"ca","@id":"https:\/\/www.laspalmeras.com\/ca\/contacte\/#primaryimage","url":"https:\/\/www.laspalmeras.com\/wp-content\/uploads\/ico-contact.svg","contentUrl":"https:\/\/www.laspalmeras.com\/wp-content\/uploads\/ico-contact.svg"},{"@type":"BreadcrumbList","@id":"https:\/\/www.laspalmeras.com\/ca\/contacte\/#breadcrumb","itemListElement":[{"@type":"ListItem","position":1,"name":"Portada","item":"https:\/\/www.laspalmeras.com\/ca\/"},{"@type":"ListItem","position":2,"name":"Contacte"}]},{"@type":"WebSite","@id":"https:\/\/www.laspalmeras.com\/ca\/#website","url":"https:\/\/www.laspalmeras.com\/ca\/","name":"Camping Las Palmeras","description":"Un c\u00e0mping familiar a Tarragona en plena Costa Daurada.","publisher":{"@id":"https:\/\/www.laspalmeras.com\/ca\/#organization"},"potentialAction":[{"@type":"SearchAction","target":{"@type":"EntryPoint","urlTemplate":"https:\/\/www.laspalmeras.com\/ca\/?s={search_term_string}"},"query-input":{"@type":"PropertyValueSpecification","valueRequired":true,"valueName":"search_term_string"}}],"inLanguage":"ca"},{"@type":"Organization","@id":"https:\/\/www.laspalmeras.com\/ca\/#organization","name":"Camping Las Palmeras","alternateName":"Las Palmeras","url":"https:\/\/www.laspalmeras.com\/ca\/","logo":{"@type":"ImageObject","inLanguage":"ca","@id":"https:\/\/www.laspalmeras.com\/ca\/#\/schema\/logo\/image\/","url":"https:\/\/www.laspalmeras.com\/wp-content\/uploads\/logo-palmeras.svg","contentUrl":"https:\/\/www.laspalmeras.com\/wp-content\/uploads\/logo-palmeras.svg","width":200,"height":102,"caption":"Camping Las Palmeras"},"image":{"@id":"https:\/\/www.laspalmeras.com\/ca\/#\/schema\/logo\/image\/"},"sameAs":["https:\/\/www.facebook.com\/CampingBungalowLasPalmeras\/","https:\/\/www.instagram.com\/las_palmeras_cyb\/"]}]}},"_links":{"self":[{"href":"https:\/\/www.laspalmeras.com\/ca\/wp-json\/wp\/v2\/pages\/23678","targetHints":{"allow":["GET"]}}],"collection":[{"href":"https:\/\/www.laspalmeras.com\/ca\/wp-json\/wp\/v2\/pages"}],"about":[{"href":"https:\/\/www.laspalmeras.com\/ca\/wp-json\/wp\/v2\/types\/page"}],"author":[{"embeddable":true,"href":"https:\/\/www.laspalmeras.com\/ca\/wp-json\/wp\/v2\/users\/4"}],"replies":[{"embeddable":true,"href":"https:\/\/www.laspalmeras.com\/ca\/wp-json\/wp\/v2\/comments?post=23678"}],"version-history":[{"count":8,"href":"https:\/\/www.laspalmeras.com\/ca\/wp-json\/wp\/v2\/pages\/23678\/revisions"}],"predecessor-version":[{"id":40516,"href":"https:\/\/www.laspalmeras.com\/ca\/wp-json\/wp\/v2\/pages\/23678\/revisions\/40516"}],"wp:attachment":[{"href":"https:\/\/www.laspalmeras.com\/ca\/wp-json\/wp\/v2\/media?parent=23678"}],"curies":[{"name":"wp","href":"https:\/\/api.w.org\/{rel}","templated":true}]}}