{"id":23663,"date":"2022-04-12T09:19:32","date_gmt":"2022-04-12T07:19:32","guid":{"rendered":"https:\/\/2022.laspalmeras.com\/port-aventura\/"},"modified":"2024-06-17T13:27:15","modified_gmt":"2024-06-17T11:27:15","slug":"port-aventura","status":"publish","type":"page","link":"https:\/\/www.laspalmeras.com\/ca\/entorn\/port-aventura\/","title":{"rendered":"PortAventura World"},"content":{"rendered":"\n<div class=\"wp-block-group alignfull is-style-wave-center-white header-group has-blank-green-2-background-color has-background is-layout-constrained wp-block-group-is-layout-constrained\" style=\"padding-bottom:3vw\">\n<h1 class=\"wp-block-heading has-text-align-center animation--init has-blank-white-color has-text-color\">PortAventura World<\/h1>\n\n\n<div id=\"wp-block-slider-block_5c65e8b7fdaeb47c608bec59a84502e9\" class=\"wp-block-slider animation--init has-custom-margin\" style=\"margin-bottom:2vw;\">\n                    <div class=\"slider-container\"><div class=\"splide galeria-slider galeria-columnas-1\" id=\"slide_36\"><div class=\"splide__track\"><div class=\"splide__list\"><a href=\"https:\/\/www.laspalmeras.com\/wp-content\/uploads\/port-aventura.jpg\" id=\"thumb-23495\" class=\"splide__slide image-link\" data-gallery=\"slide_36\"  data-counter=\"01\/05\" alt=\" \" class=\"image-link\"><img loading=\"lazy\" decoding=\"async\" width=\"998\" height=\"406\" src=\"https:\/\/www.laspalmeras.com\/wp-content\/uploads\/port-aventura-998x406.jpg\" class=\"attachment-slider size-slider\" alt=\"\" \/><\/a><a href=\"https:\/\/www.laspalmeras.com\/wp-content\/uploads\/port-aventura-ok-1477x700-1.webp\" id=\"thumb-23501\" class=\"splide__slide image-link\" data-gallery=\"slide_36\"  data-counter=\"02\/05\" alt=\" \" class=\"image-link\"><img loading=\"lazy\" decoding=\"async\" width=\"998\" height=\"406\" src=\"https:\/\/www.laspalmeras.com\/wp-content\/uploads\/port-aventura-ok-1477x700-1-998x406.webp\" class=\"attachment-slider size-slider\" alt=\"\" \/><\/a><a href=\"https:\/\/www.laspalmeras.com\/wp-content\/uploads\/portaventura-park-banner-custom.webp\" id=\"thumb-23507\" class=\"splide__slide image-link\" data-gallery=\"slide_36\"  data-counter=\"03\/05\" alt=\" \" class=\"image-link\"><img loading=\"lazy\" decoding=\"async\" width=\"998\" height=\"406\" src=\"https:\/\/www.laspalmeras.com\/wp-content\/uploads\/portaventura-park-banner-custom-998x406.webp\" class=\"attachment-slider size-slider\" alt=\"\" \/><\/a><a href=\"https:\/\/www.laspalmeras.com\/wp-content\/uploads\/costa-caribe-aquatic-park.jpg\" id=\"thumb-28871\" class=\"splide__slide image-link\" data-gallery=\"slide_36\"  data-counter=\"04\/05\" alt=\" Costa Caribe Aquatic Park\" class=\"image-link\"><img loading=\"lazy\" decoding=\"async\" width=\"998\" height=\"406\" src=\"https:\/\/www.laspalmeras.com\/wp-content\/uploads\/costa-caribe-aquatic-park-998x406.jpg\" class=\"attachment-slider size-slider\" alt=\"\" \/><\/a><a href=\"https:\/\/www.laspalmeras.com\/wp-content\/uploads\/d4ht3wfpeewzdilundo6hw4fjq.jpg\" id=\"thumb-28864\" class=\"splide__slide image-link\" data-gallery=\"slide_36\"  data-counter=\"05\/05\" alt=\" \" class=\"image-link\"><img loading=\"lazy\" decoding=\"async\" width=\"998\" height=\"406\" src=\"https:\/\/www.laspalmeras.com\/wp-content\/uploads\/d4ht3wfpeewzdilundo6hw4fjq-998x406.jpg\" class=\"attachment-slider size-slider\" alt=\"\" \/><\/a><\/div><\/div><\/div><\/div>\n            <script>\n            document.addEventListener( 'DOMContentLoaded', function () {\n\n                var splide = new Splide( '#slide_36', \n                    {\n                    \/\/type   : 'true',\n                    type   : 'loop',\n                    pagination : false,\n                    perPage: 1,\n                    gap: '2em',\n                    padding: {\n                        left : '0%',\n                        right: '0%',\n                        },\n                    breakpoints: {\n                        750: {\n                            perPage: 0,\n                        },\n                        600: {\n                            perPage: 1,\n                        },\n                    }    \n\n\n                    }\n                ).mount();\n\n                function counter(){\n                    return document.querySelector('#slide_36 .is-active.is-visible').getAttribute('data-counter');\n                }\n\n                let initCounter = counter();\n\n                let arrows = document.querySelector('#slide_36 .splide__arrows');\n                let divCounter = '<div class=\"splide__counter\">'+initCounter+'<\/div>';\n                arrows.insertAdjacentHTML('afterend', divCounter);\n                splide.on( 'moved', function() {\n                    document.querySelector('#slide_36 .splide__counter').textContent = counter();\n                } );\n\n            });\n            <\/script>\n                        <\/div>\n\n\n\n<p class=\"has-text-align-center has-text-22-font-size\">Molt prop de Tarragona i a nom\u00e9s 15 minuts del c\u00e0mping, es troba PortAventura, un dels parcs d\u2019atraccions m\u00e9s grans de tota Europa. Muntanyes russes, n\u00f2ries i altres desenes de grans atraccions garanteixen un dia d\u2019emoci\u00f3, aventura i diversi\u00f3 en companyia de familiars o amics. A m\u00e9s, al mateix parc, es troben el Costa Caribe Aquatic Park i l\u2019espai Ferrari Land. Tan a prop del c\u00e0mping que no us ho podeu perdre!<\/p>\n<\/div>\n\n<div class=\"wp-block-group alignfull is-style-no-margin has-blank-blue-4-background-color has-background is-layout-constrained wp-container-core-group-is-layout-14f9ac5d wp-block-group-is-layout-constrained\" style=\"padding-top:6vw;padding-bottom:6vw\">\n<div class=\"wp-block-columns alignwide column-text-image is-layout-flex wp-container-core-columns-is-layout-28f84493 wp-block-columns-is-layout-flex\">\n<div class=\"wp-block-column column-image-lateral-wrapper animation--init is-layout-flow wp-block-column-is-layout-flow\">\n<figure class=\"wp-block-image size-imagen-lateral has-custom-border image-lateral is-style-default\"><img loading=\"lazy\" decoding=\"async\" width=\"582\" height=\"334\" src=\"https:\/\/www.laspalmeras.com\/wp-content\/uploads\/port-aventura-acuatico-582x334.jpg\" alt=\"\" class=\"wp-image-21230\" style=\"border-radius:20px\"\/><\/figure>\n<\/div>\n\n\n\n<div class=\"wp-block-column is-vertically-aligned-center animation--init is-layout-flow wp-block-column-is-layout-flow\">\n<h2 class=\"wp-block-heading has-blank-black-color has-text-color\"><strong>Visita la web oficial<\/strong><\/h2>\n\n\n\n<p class=\"has-blank-white-color has-text-color\">Coneix totes les promocions de PortAventura a Salou! Vine a gaudir de m\u00e0gia i diversi\u00f3!<\/p>\n\n\n\n<div class=\"wp-block-buttons is-layout-flex wp-block-buttons-is-layout-flex\">\n<div class=\"wp-block-button is-style-outline is-style-outline--1\"><a class=\"wp-block-button__link has-blank-white-color has-text-color wp-element-button\" href=\"https:\/\/www.portaventuraworld.com\/\">Visitar web<\/a><\/div>\n<\/div>\n<\/div>\n<\/div>\n<\/div>\n\n<div class=\"wp-block-group alignfull is-style-no-margin reviews-group has-blank-beige-background-color has-background is-layout-constrained wp-container-core-group-is-layout-41693b0f wp-block-group-is-layout-constrained\" style=\"padding-top:6vw;padding-right:0vw;padding-bottom:6vw;padding-left:0vw\">\n<figure class=\"wp-block-image aligncenter size-large\"><img loading=\"lazy\" decoding=\"async\" width=\"143\" height=\"37\" src=\"https:\/\/www.laspalmeras.com\/wp-content\/uploads\/stars-title.svg\" alt=\"\" class=\"wp-image-19033\"\/><\/figure>\n\n\n\n<h4 class=\"alignwide has-text-align-center animation--init has-h-1-font-size wp-block-heading\" style=\"margin-bottom:4vw\">Les vostres opinions ens fan millorar perqu\u00e8 cada any la vostra experi\u00e8ncia sigui millor.<\/h4>\n\n\n\n<div id=\"block-reviews-block_f834df341f34aff6fbda3df74daeb353\" class=\"block-reviews alignfull review-columns column-1\" style=\"\">\n    <div class=\"reviews-wrapper splide\">\n        <div class=\"splide__track\">\n            <div class=\"splide__list\">\n\n    \n<div class=\"item-review splide__slide\">\n    <div class=\"content-review\">\n<figure class=\"wp-block-image review-stars\"><img loading=\"lazy\" decoding=\"async\" width=\"107\" height=\"19\" src=\"https:\/\/www.laspalmeras.com\/wp-content\/uploads\/5-stars.svg\" alt=\"\" class=\"wp-image-18988\"\/><\/figure>\n\n\n\n<p>\u00c9s un c\u00e0mping on s&#8217;est\u00e0 molt b\u00e9. Venim sovint ja que ens agrada molt. Est\u00e0 a dues pases de la platja, tenen lavabos adaptats per a nens petitons i un parc amb una estructura de joc gran i segura. Molt recomanable per fam\u00edlies!<\/p>\n\n\n\n<p class=\"review-link has-link-color has-text-14-font-size wp-elements-8e30ccb5299ec8c4febd4db18df505dd\">Google Review<\/p>\n<\/div>\n<\/div>\n\n<div class=\"item-review splide__slide\">\n    <div class=\"content-review\">\n<figure class=\"wp-block-image size-large review-stars\"><img loading=\"lazy\" decoding=\"async\" width=\"107\" height=\"19\" src=\"https:\/\/www.laspalmeras.com\/wp-content\/uploads\/4-stars.svg\" alt=\"\" class=\"wp-image-21521\"\/><\/figure>\n\n\n\n<p>Ben situat. Molt pla. Ideal per nens. Molts serveis i tot molt nou.<\/p>\n\n\n\n<p class=\"review-link has-link-color has-text-14-font-size\">Google Review<\/p>\n<\/div>\n<\/div>\n\n<div class=\"item-review splide__slide\">\n    <div class=\"content-review\">\n<figure class=\"wp-block-image review-stars\"><img loading=\"lazy\" decoding=\"async\" width=\"107\" height=\"19\" src=\"https:\/\/www.laspalmeras.com\/wp-content\/uploads\/5-stars.svg\" alt=\"\" class=\"wp-image-18988\"\/><\/figure>\n\n\n\n<p>Una estada perfecta. Per anar amb fam\u00edlia i nens molt recomanable. Els bungalows for\u00e7a nets i c\u00f2modes. C\u00e0mping molt pla, ideal per anar en bici a tot arreu. Acc\u00e9s a la platja perfecte.<\/p>\n\n\n\n<p class=\"review-link has-link-color has-text-14-font-size wp-elements-8e30ccb5299ec8c4febd4db18df505dd\">Google Review<\/p>\n<\/div>\n<\/div>\n\n<div class=\"item-review splide__slide\">\n    <div class=\"content-review\">\n<figure class=\"wp-block-image size-large review-stars\"><img loading=\"lazy\" decoding=\"async\" width=\"107\" height=\"19\" src=\"https:\/\/www.laspalmeras.com\/wp-content\/uploads\/4-stars.svg\" alt=\"\" class=\"wp-image-21521\"\/><\/figure>\n\n\n\n<p>Situaci\u00f3 ideal per visitar Tarragona i les seves platges. Bons serveis.<\/p>\n\n\n\n<p class=\"review-link has-link-color has-text-14-font-size wp-elements-8e30ccb5299ec8c4febd4db18df505dd\">Google Review<\/p>\n<\/div>\n<\/div>\n\n<div class=\"item-review splide__slide\">\n    <div class=\"content-review\">\n<figure class=\"wp-block-image review-stars\"><img loading=\"lazy\" decoding=\"async\" width=\"107\" height=\"19\" src=\"https:\/\/www.laspalmeras.com\/wp-content\/uploads\/5-stars.svg\" alt=\"\" class=\"wp-image-18988\"\/><\/figure>\n\n\n\n<p>Un bon lloc per desconnectar!<\/p>\n\n\n\n<p class=\"review-link has-link-color has-text-14-font-size wp-elements-8e30ccb5299ec8c4febd4db18df505dd\">Google Review<\/p>\n<\/div>\n<\/div>\n\n<div class=\"item-review splide__slide\">\n    <div class=\"content-review\">\n<figure class=\"wp-block-image review-stars\"><img loading=\"lazy\" decoding=\"async\" width=\"107\" height=\"19\" src=\"https:\/\/www.laspalmeras.com\/wp-content\/uploads\/5-stars.svg\" alt=\"\" class=\"wp-image-18988\"\/><\/figure>\n\n\n\n<p>El millor camping que hi ha.<\/p>\n\n\n\n<p class=\"review-link has-link-color has-text-14-font-size\">Google Review<\/p>\n<\/div>\n<\/div>\n\n<div class=\"item-review splide__slide\">\n    <div class=\"content-review\">\n<figure class=\"wp-block-image review-stars\"><img loading=\"lazy\" decoding=\"async\" width=\"107\" height=\"19\" src=\"https:\/\/www.laspalmeras.com\/wp-content\/uploads\/5-stars.svg\" alt=\"\" class=\"wp-image-18988\"\/><\/figure>\n\n\n\n<p>Un bon lloc per desconnectar. Sortida directa a la platja.<\/p>\n\n\n\n<p class=\"review-link has-link-color has-text-14-font-size\">Google Review<\/p>\n<\/div>\n<\/div>\n\n<div class=\"item-review splide__slide\">\n    <div class=\"content-review\">\n<figure class=\"wp-block-image review-stars\"><img loading=\"lazy\" decoding=\"async\" width=\"107\" height=\"19\" src=\"https:\/\/www.laspalmeras.com\/wp-content\/uploads\/5-stars.svg\" alt=\"\" class=\"wp-image-18988\"\/><\/figure>\n\n\n\n<p>Hem estat en parcel\u00b7la amb camper. Molt ben cuidat. Molt bona atenci\u00f3.<\/p>\n\n\n\n<p class=\"review-link has-link-color has-text-14-font-size\">Google Review<\/p>\n<\/div>\n<\/div>\n\n<div class=\"item-review splide__slide\">\n    <div class=\"content-review\">\n<figure class=\"wp-block-image size-large review-stars\"><img loading=\"lazy\" decoding=\"async\" width=\"107\" height=\"19\" src=\"https:\/\/www.laspalmeras.com\/wp-content\/uploads\/4-stars.svg\" alt=\"\" class=\"wp-image-21521\"\/><\/figure>\n\n\n\n<p>Molt acollidor i net. La ubicaci\u00f3 ideal per passejar per la platja. No li falta detall.<\/p>\n\n\n\n<p class=\"review-link has-link-color has-text-14-font-size\">Google Review<\/p>\n<\/div>\n<\/div>\n            <\/div>\n        <\/div>\n    <\/div>\n\n<\/div>\n\n    <script>\n        const reviewsSlider = new Splide( '#block-reviews-block_f834df341f34aff6fbda3df74daeb353 .reviews-wrapper', \n                {\n                    type: 'loop',\n                    gap: '50px',\n                    pagination: false,\n                    arrows: false,\n                    focus    : 'center',\n                    autoWidth: true\n                } \n                ).mount();\n\n                if (!!window.IntersectionObserver) {\n                const sectionReviews = document.querySelector('.reviews-wrapper');\n                const revealSection = function (entries, observer) {\n\n                    entries.forEach(entry => {   \n                        if (!entry.isIntersecting) return;\n                        reviewsSlider.go('+${1}');\n                    })\n\n                }\n\n                const sectionObserver = new IntersectionObserver(revealSection,\n                    {\n                        root: null,\n                        threshold: 0.3\n                    });\n\n                sectionObserver.observe(sectionReviews);\n\n            }\n    <\/script>\n<\/div>\n","protected":false},"excerpt":{"rendered":"<p>PortAventura World Molt prop de Tarragona i a nom\u00e9s 15 minuts del c\u00e0mping, es troba PortAventura, un dels parcs d\u2019atraccions m\u00e9s grans de tota Europa&#8230;.<\/p>\n","protected":false},"author":4,"featured_media":0,"parent":23677,"menu_order":4,"comment_status":"closed","ping_status":"closed","template":"","meta":{"_acf_changed":false,"om_disable_all_campaigns":false,"inline_featured_image":false,"_monsterinsights_skip_tracking":false,"_monsterinsights_sitenote_active":false,"_monsterinsights_sitenote_note":"","_monsterinsights_sitenote_category":0,"_uf_show_specific_survey":0,"_uf_disable_surveys":false,"footnotes":""},"class_list":["post-23663","page","type-page","status-publish","hentry"],"acf":[],"aioseo_notices":[],"yoast_head":"<!-- This site is optimized with the Yoast SEO plugin v25.4 - https:\/\/yoast.com\/wordpress\/plugins\/seo\/ -->\n<title>PortAventura World - Camping Las Palmeras<\/title>\n<meta name=\"description\" content=\"PortAventura World Molt prop de Tarragona i a nom\u00e9s 15 minuts del c\u00e0mping, es troba PortAventura, un dels parcs d\u2019atraccions m\u00e9s grans de tota Europa.\" \/>\n<meta name=\"robots\" content=\"index, follow, max-snippet:-1, max-image-preview:large, max-video-preview:-1\" \/>\n<link rel=\"canonical\" href=\"https:\/\/www.laspalmeras.com\/ca\/entorn\/port-aventura\/\" \/>\n<meta property=\"og:locale\" content=\"ca_ES\" \/>\n<meta property=\"og:type\" content=\"article\" \/>\n<meta property=\"og:title\" content=\"PortAventura World - Camping Las Palmeras\" \/>\n<meta property=\"og:description\" content=\"PortAventura World Molt prop de Tarragona i a nom\u00e9s 15 minuts del c\u00e0mping, es troba PortAventura, un dels parcs d\u2019atraccions m\u00e9s grans de tota Europa.\" \/>\n<meta property=\"og:url\" content=\"https:\/\/www.laspalmeras.com\/ca\/entorn\/port-aventura\/\" \/>\n<meta property=\"og:site_name\" content=\"Camping Las Palmeras\" \/>\n<meta property=\"article:publisher\" content=\"https:\/\/www.facebook.com\/CampingBungalowLasPalmeras\/\" \/>\n<meta property=\"article:modified_time\" content=\"2024-06-17T11:27:15+00:00\" \/>\n<meta property=\"og:image\" content=\"https:\/\/www.laspalmeras.com\/wp-content\/uploads\/port-aventura-acuatico-582x334.jpg\" \/>\n<meta name=\"twitter:card\" content=\"summary_large_image\" \/>\n<meta name=\"twitter:label1\" content=\"Temps estimat de lectura\" \/>\n\t<meta name=\"twitter:data1\" content=\"1 minut\" \/>\n<script type=\"application\/ld+json\" class=\"yoast-schema-graph\">{\"@context\":\"https:\/\/schema.org\",\"@graph\":[{\"@type\":\"WebPage\",\"@id\":\"https:\/\/www.laspalmeras.com\/ca\/entorn\/port-aventura\/\",\"url\":\"https:\/\/www.laspalmeras.com\/ca\/entorn\/port-aventura\/\",\"name\":\"PortAventura World - Camping Las Palmeras\",\"isPartOf\":{\"@id\":\"https:\/\/www.laspalmeras.com\/ca\/#website\"},\"primaryImageOfPage\":{\"@id\":\"https:\/\/www.laspalmeras.com\/ca\/entorn\/port-aventura\/#primaryimage\"},\"image\":{\"@id\":\"https:\/\/www.laspalmeras.com\/ca\/entorn\/port-aventura\/#primaryimage\"},\"thumbnailUrl\":\"https:\/\/www.laspalmeras.com\/wp-content\/uploads\/port-aventura-acuatico-582x334.jpg\",\"datePublished\":\"2022-04-12T07:19:32+00:00\",\"dateModified\":\"2024-06-17T11:27:15+00:00\",\"description\":\"PortAventura World Molt prop de Tarragona i a nom\u00e9s 15 minuts del c\u00e0mping, es troba PortAventura, un dels parcs d\u2019atraccions m\u00e9s grans de tota Europa.\",\"breadcrumb\":{\"@id\":\"https:\/\/www.laspalmeras.com\/ca\/entorn\/port-aventura\/#breadcrumb\"},\"inLanguage\":\"ca\",\"potentialAction\":[{\"@type\":\"ReadAction\",\"target\":[\"https:\/\/www.laspalmeras.com\/ca\/entorn\/port-aventura\/\"]}]},{\"@type\":\"ImageObject\",\"inLanguage\":\"ca\",\"@id\":\"https:\/\/www.laspalmeras.com\/ca\/entorn\/port-aventura\/#primaryimage\",\"url\":\"https:\/\/www.laspalmeras.com\/wp-content\/uploads\/port-aventura-acuatico-582x334.jpg\",\"contentUrl\":\"https:\/\/www.laspalmeras.com\/wp-content\/uploads\/port-aventura-acuatico-582x334.jpg\"},{\"@type\":\"BreadcrumbList\",\"@id\":\"https:\/\/www.laspalmeras.com\/ca\/entorn\/port-aventura\/#breadcrumb\",\"itemListElement\":[{\"@type\":\"ListItem\",\"position\":1,\"name\":\"Portada\",\"item\":\"https:\/\/www.laspalmeras.com\/ca\/\"},{\"@type\":\"ListItem\",\"position\":2,\"name\":\"Entorn\",\"item\":\"https:\/\/www.laspalmeras.com\/ca\/entorn\/\"},{\"@type\":\"ListItem\",\"position\":3,\"name\":\"PortAventura World\"}]},{\"@type\":\"WebSite\",\"@id\":\"https:\/\/www.laspalmeras.com\/ca\/#website\",\"url\":\"https:\/\/www.laspalmeras.com\/ca\/\",\"name\":\"Camping Las Palmeras\",\"description\":\"Un c\u00e0mping familiar a Tarragona en plena Costa Daurada.\",\"publisher\":{\"@id\":\"https:\/\/www.laspalmeras.com\/ca\/#organization\"},\"potentialAction\":[{\"@type\":\"SearchAction\",\"target\":{\"@type\":\"EntryPoint\",\"urlTemplate\":\"https:\/\/www.laspalmeras.com\/ca\/?s={search_term_string}\"},\"query-input\":{\"@type\":\"PropertyValueSpecification\",\"valueRequired\":true,\"valueName\":\"search_term_string\"}}],\"inLanguage\":\"ca\"},{\"@type\":\"Organization\",\"@id\":\"https:\/\/www.laspalmeras.com\/ca\/#organization\",\"name\":\"Camping Las Palmeras\",\"alternateName\":\"Las Palmeras\",\"url\":\"https:\/\/www.laspalmeras.com\/ca\/\",\"logo\":{\"@type\":\"ImageObject\",\"inLanguage\":\"ca\",\"@id\":\"https:\/\/www.laspalmeras.com\/ca\/#\/schema\/logo\/image\/\",\"url\":\"https:\/\/www.laspalmeras.com\/wp-content\/uploads\/logo-palmeras.svg\",\"contentUrl\":\"https:\/\/www.laspalmeras.com\/wp-content\/uploads\/logo-palmeras.svg\",\"width\":200,\"height\":102,\"caption\":\"Camping Las Palmeras\"},\"image\":{\"@id\":\"https:\/\/www.laspalmeras.com\/ca\/#\/schema\/logo\/image\/\"},\"sameAs\":[\"https:\/\/www.facebook.com\/CampingBungalowLasPalmeras\/\",\"https:\/\/www.instagram.com\/las_palmeras_cyb\/\"]}]}<\/script>\n<!-- \/ Yoast SEO plugin. -->","yoast_head_json":{"title":"PortAventura World - Camping Las Palmeras","description":"PortAventura World Molt prop de Tarragona i a nom\u00e9s 15 minuts del c\u00e0mping, es troba PortAventura, un dels parcs d\u2019atraccions m\u00e9s grans de tota Europa.","robots":{"index":"index","follow":"follow","max-snippet":"max-snippet:-1","max-image-preview":"max-image-preview:large","max-video-preview":"max-video-preview:-1"},"canonical":"https:\/\/www.laspalmeras.com\/ca\/entorn\/port-aventura\/","og_locale":"ca_ES","og_type":"article","og_title":"PortAventura World - Camping Las Palmeras","og_description":"PortAventura World Molt prop de Tarragona i a nom\u00e9s 15 minuts del c\u00e0mping, es troba PortAventura, un dels parcs d\u2019atraccions m\u00e9s grans de tota Europa.","og_url":"https:\/\/www.laspalmeras.com\/ca\/entorn\/port-aventura\/","og_site_name":"Camping Las Palmeras","article_publisher":"https:\/\/www.facebook.com\/CampingBungalowLasPalmeras\/","article_modified_time":"2024-06-17T11:27:15+00:00","og_image":[{"url":"https:\/\/www.laspalmeras.com\/wp-content\/uploads\/port-aventura-acuatico-582x334.jpg","type":"","width":"","height":""}],"twitter_card":"summary_large_image","twitter_misc":{"Temps estimat de lectura":"1 minut"},"schema":{"@context":"https:\/\/schema.org","@graph":[{"@type":"WebPage","@id":"https:\/\/www.laspalmeras.com\/ca\/entorn\/port-aventura\/","url":"https:\/\/www.laspalmeras.com\/ca\/entorn\/port-aventura\/","name":"PortAventura World - Camping Las Palmeras","isPartOf":{"@id":"https:\/\/www.laspalmeras.com\/ca\/#website"},"primaryImageOfPage":{"@id":"https:\/\/www.laspalmeras.com\/ca\/entorn\/port-aventura\/#primaryimage"},"image":{"@id":"https:\/\/www.laspalmeras.com\/ca\/entorn\/port-aventura\/#primaryimage"},"thumbnailUrl":"https:\/\/www.laspalmeras.com\/wp-content\/uploads\/port-aventura-acuatico-582x334.jpg","datePublished":"2022-04-12T07:19:32+00:00","dateModified":"2024-06-17T11:27:15+00:00","description":"PortAventura World Molt prop de Tarragona i a nom\u00e9s 15 minuts del c\u00e0mping, es troba PortAventura, un dels parcs d\u2019atraccions m\u00e9s grans de tota Europa.","breadcrumb":{"@id":"https:\/\/www.laspalmeras.com\/ca\/entorn\/port-aventura\/#breadcrumb"},"inLanguage":"ca","potentialAction":[{"@type":"ReadAction","target":["https:\/\/www.laspalmeras.com\/ca\/entorn\/port-aventura\/"]}]},{"@type":"ImageObject","inLanguage":"ca","@id":"https:\/\/www.laspalmeras.com\/ca\/entorn\/port-aventura\/#primaryimage","url":"https:\/\/www.laspalmeras.com\/wp-content\/uploads\/port-aventura-acuatico-582x334.jpg","contentUrl":"https:\/\/www.laspalmeras.com\/wp-content\/uploads\/port-aventura-acuatico-582x334.jpg"},{"@type":"BreadcrumbList","@id":"https:\/\/www.laspalmeras.com\/ca\/entorn\/port-aventura\/#breadcrumb","itemListElement":[{"@type":"ListItem","position":1,"name":"Portada","item":"https:\/\/www.laspalmeras.com\/ca\/"},{"@type":"ListItem","position":2,"name":"Entorn","item":"https:\/\/www.laspalmeras.com\/ca\/entorn\/"},{"@type":"ListItem","position":3,"name":"PortAventura World"}]},{"@type":"WebSite","@id":"https:\/\/www.laspalmeras.com\/ca\/#website","url":"https:\/\/www.laspalmeras.com\/ca\/","name":"Camping Las Palmeras","description":"Un c\u00e0mping familiar a Tarragona en plena Costa Daurada.","publisher":{"@id":"https:\/\/www.laspalmeras.com\/ca\/#organization"},"potentialAction":[{"@type":"SearchAction","target":{"@type":"EntryPoint","urlTemplate":"https:\/\/www.laspalmeras.com\/ca\/?s={search_term_string}"},"query-input":{"@type":"PropertyValueSpecification","valueRequired":true,"valueName":"search_term_string"}}],"inLanguage":"ca"},{"@type":"Organization","@id":"https:\/\/www.laspalmeras.com\/ca\/#organization","name":"Camping Las Palmeras","alternateName":"Las Palmeras","url":"https:\/\/www.laspalmeras.com\/ca\/","logo":{"@type":"ImageObject","inLanguage":"ca","@id":"https:\/\/www.laspalmeras.com\/ca\/#\/schema\/logo\/image\/","url":"https:\/\/www.laspalmeras.com\/wp-content\/uploads\/logo-palmeras.svg","contentUrl":"https:\/\/www.laspalmeras.com\/wp-content\/uploads\/logo-palmeras.svg","width":200,"height":102,"caption":"Camping Las Palmeras"},"image":{"@id":"https:\/\/www.laspalmeras.com\/ca\/#\/schema\/logo\/image\/"},"sameAs":["https:\/\/www.facebook.com\/CampingBungalowLasPalmeras\/","https:\/\/www.instagram.com\/las_palmeras_cyb\/"]}]}},"_links":{"self":[{"href":"https:\/\/www.laspalmeras.com\/ca\/wp-json\/wp\/v2\/pages\/23663","targetHints":{"allow":["GET"]}}],"collection":[{"href":"https:\/\/www.laspalmeras.com\/ca\/wp-json\/wp\/v2\/pages"}],"about":[{"href":"https:\/\/www.laspalmeras.com\/ca\/wp-json\/wp\/v2\/types\/page"}],"author":[{"embeddable":true,"href":"https:\/\/www.laspalmeras.com\/ca\/wp-json\/wp\/v2\/users\/4"}],"replies":[{"embeddable":true,"href":"https:\/\/www.laspalmeras.com\/ca\/wp-json\/wp\/v2\/comments?post=23663"}],"version-history":[{"count":7,"href":"https:\/\/www.laspalmeras.com\/ca\/wp-json\/wp\/v2\/pages\/23663\/revisions"}],"predecessor-version":[{"id":37090,"href":"https:\/\/www.laspalmeras.com\/ca\/wp-json\/wp\/v2\/pages\/23663\/revisions\/37090"}],"up":[{"embeddable":true,"href":"https:\/\/www.laspalmeras.com\/ca\/wp-json\/wp\/v2\/pages\/23677"}],"wp:attachment":[{"href":"https:\/\/www.laspalmeras.com\/ca\/wp-json\/wp\/v2\/media?parent=23663"}],"curies":[{"name":"wp","href":"https:\/\/api.w.org\/{rel}","templated":true}]}}